{"id":17695,"date":"2025-05-08T18:13:01","date_gmt":"2025-05-08T18:13:01","guid":{"rendered":"https:\/\/myrentacar.gr\/?page_id=17695"},"modified":"2025-05-26T14:22:35","modified_gmt":"2025-05-26T14:22:35","slug":"locations","status":"publish","type":"page","link":"https:\/\/myrentacar.gr\/de\/locations\/","title":{"rendered":"Allgemeine Gesch\u00e4ftsbedingungen f\u00fcr Mietwagen"},"content":{"rendered":"<div data-elementor-type=\"wp-post\" data-elementor-id=\"17695\" class=\"elementor elementor-17695\" data-elementor-post-type=\"page\">\n\t\t\t\t<div class=\"elementor-element elementor-element-6b2d6fe e-flex e-con-boxed e-con e-parent\" data-id=\"6b2d6fe\" data-element_type=\"container\" data-settings=\"{&quot;background_background&quot;:&quot;classic&quot;}\">\n\t\t\t\t\t<div class=\"e-con-inner\">\n\t\t<div class=\"elementor-element elementor-element-98d4ecd e-con-full e-flex e-con e-child\" data-id=\"98d4ecd\" data-element_type=\"container\">\n\t\t\t\t<div class=\"elementor-element elementor-element-7069fc4 elementor-widget elementor-widget-heading\" data-id=\"7069fc4\" data-element_type=\"widget\" data-widget_type=\"heading.default\">\n\t\t\t\t<div class=\"elementor-widget-container\">\n\t\t\t\t\t<h1 class=\"elementor-heading-title elementor-size-default\">Allgemeine Gesch\u00e4ftsbedingungen f\u00fcr Mietwagen<\/h1>\t\t\t\t<\/div>\n\t\t\t\t<\/div>\n\t\t\t\t<div class=\"elementor-element elementor-element-eb43c4a elementor-widget-divider--view-line elementor-widget elementor-widget-divider\" data-id=\"eb43c4a\" data-element_type=\"widget\" data-widget_type=\"divider.default\">\n\t\t\t\t<div class=\"elementor-widget-container\">\n\t\t\t\t\t\t\t<div class=\"elementor-divider\">\n\t\t\t<span class=\"elementor-divider-separator\">\n\t\t\t\t\t\t<\/span>\n\t\t<\/div>\n\t\t\t\t\t\t<\/div>\n\t\t\t\t<\/div>\n\t\t\t\t<\/div>\n\t\t\t\t\t<\/div>\n\t\t\t\t<\/div>\n\t\t<div class=\"elementor-element elementor-element-7346f37 e-flex e-con-boxed e-con e-parent\" data-id=\"7346f37\" data-element_type=\"container\">\n\t\t\t\t\t<div class=\"e-con-inner\">\n\t\t\t\t<div class=\"elementor-element elementor-element-ab9456c elementor-widget elementor-widget-text-editor\" data-id=\"ab9456c\" data-element_type=\"widget\" data-widget_type=\"text-editor.default\">\n\t\t\t\t<div class=\"elementor-widget-container\">\n\t\t\t\t\t\t\t\t\t<p data-pm-slice=\"1 1 []\">Mit diesem Vertrag mietet die Firma My Rent a Car und der unterzeichnende Mieter das hier gezeigte Auto (einschlie\u00dflich aller Autos, die es ersetzen) unter den folgenden Bedingungen und Vereinbarungen, einschlie\u00dflich der auf der Vorderseite aufgef\u00fchrten, die der Mieter vollumf\u00e4nglich akzeptiert.<\/p><p>Der Mieter hat das Fahrzeug in einwandfreiem Zustand und in einwandfreiem Zustand erhalten. Der Mieter ist verpflichtet, das Fahrzeug sowie alle ben\u00f6tigten Unterlagen, Werkzeuge und Zubeh\u00f6rteile (Ersatzreifen, Wagenheber, Werkzeug, Apotheker, Feuerl\u00f6scher, Warndreieck, Antenne) am vereinbarten Ort und zu der vereinbarten Zeit an My Rent a Car zur\u00fcckzugeben. Andernfalls und nach R\u00fcckerstattung der vereinbarten Zeit ist der Mieter verpflichtet, My Rent a Car die regul\u00e4re Nutzungsgeb\u00fchr sowie Entsch\u00e4digung f\u00fcr jeden positiven und negativen Verlust zu zahlen. 90 Minuten nach der vereinbarten \u00dcbergabe des Fahrzeugs wird dem Mieter ein (1) zus\u00e4tzlicher Miettag in Rechnung gestellt. My Rent a Car hat das Recht, das Fahrzeug jederzeit und ohne Vorank\u00fcndigung und ohne Zustimmung des Mieters wieder in Besitz zu nehmen und zu nutzen. Dies kann jedoch jederzeit und auf jede Art und Weise erfolgen, sofern keine Gefahr einer Besch\u00e4digung oder eines Verlusts des Fahrzeugs besteht und kein Schadenersatzanspruch besteht. Die My Rent a Car hat zus\u00e4tzlich zu dem oben genannten Fall das Recht, den Besitz und die Nutzung des Fahrzeugs zur\u00fcckzuerlangen, wenn dieses unter Verletzung der Bestimmungen dieses Vertrages oder der angegebenen Mietdauer verwendet oder genutzt wird.<\/p><p>W\u00e4hrend der Mietdauer ist der Mieter und jede Person, die diesen Vertrag unterzeichnet, verpflichtet, das Fahrzeug ordnungsgem\u00e4\u00df und bestimmungsgem\u00e4\u00df zu warten und zu warten. Er muss seinen mechanischen Zustand, \u00d6lstand, Wasserstand, Reifenzustand und Verkehrssicherheit \u00fcberpr\u00fcfen, das Fahrzeug abschlie\u00dfen und die Sicherheitssysteme nutzen sowie Ma\u00dfnahmen ergreifen, um Diebstahl und Wertverlust zu verhindern. M\u00f6chte der Mieter die Miete verl\u00e4ngern, muss er My Rent a Car 24 Stunden vor Ablauf der Mietdauer schriftlich benachrichtigen, um eine schriftliche Genehmigung einzuholen (je nach Verf\u00fcgbarkeit). Andernfalls kann er sich wegen illegaler Nutzung und Besitz des Fahrzeugs zivil- und strafrechtlich haftbar machen.<\/p><p>Der Mieter muss die geltenden Bestimmungen des KOK und alle anderen Bestimmungen der Verkehrspolizei einhalten. Wo eine Strafe f\u00fcr Verst\u00f6\u00dfe gegen KOK das Urteil und die Geldbu\u00dfe wiegen nur Mieter.<\/p><p>Dem Mieter ist es ausdr\u00fccklich untersagt, das Fahrzeug zu benutzen: a) zum Transport schwerer Sachen und Gep\u00e4ck, b) zur Bef\u00f6rderung von mehr Personen als in der Zulassungsbescheinigung angegeben, c) zur Vermietung an Dritte, d) zur Durchf\u00fchrung oder Teilnahme an Rennen mit Kraftfahrzeugen, e) zur F\u00fchrung anderer, nicht im Mietvertrag enthaltener Fahrzeuge.<\/p><p>Im Falle eines Unfalls oder eines anderen Vorfalls (Brand, Diebstahl usw.) ist der Mieter oder der zus\u00e4tzliche Fahrer unmittelbar zu Folgendem verpflichtet: a) keine Schuld oder Anspr\u00fcche Dritter in irgendeiner Weise, direkt oder indirekt, geltend zu machen, b) die Namen und Anschriften von Zeugen sowie den Namen und die Anschrift des Fahrers und Einzelheiten zum Auto, mit dem ein Unfall passiert ist, anzugeben, c) die Polizei zu benachrichtigen, um die Schuld des Dritten festzustellen und sich um vorhandene Verletzungen zu k\u00fcmmern, d) sofort telefonisch oder auf anderem Wege mit My Rent a Car Kontakt aufzunehmen, Tel. +30 2253023000, Mobil +30 6981765808, e) s\u00e4mtliche Informationen von Dritten einzuholen, f) den Unfallort und die am Unfall beteiligten Autos wenn m\u00f6glich zu fotografieren.<\/p><p>Der Mieter ist verpflichtet, innerhalb von 24 Stunden eine Unfall-\/Diebstahlmeldung im My Rent a Car-Shop auszuf\u00fcllen und zu unterschreiben sowie alle Unfalldokumente oder -informationen vorzulegen. Im Falle eines Diebstahls oder Verlusts des Fahrzeugs ist der Mieter verpflichtet, dies innerhalb von 24 Stunden bei der n\u00e4chstgelegenen Polizeibeh\u00f6rde zu melden.<\/p><p>Das Auto darf nur vom Mieter und einem zus\u00e4tzlichen Fahrer, der in dieser Vereinbarung angegeben ist, gef\u00fchrt werden. Beide Fahrer m\u00fcssen mindestens 23 Jahre alt sein und einen griechischen oder internationalen F\u00fchrerschein besitzen, der mindestens ein Jahr g\u00fcltig ist.<\/p><p>Die Benzinkosten gehen zu Lasten des Mieters. Verwenden Sie nur bleifreies Benzin.<\/p><p>Die regelm\u00e4\u00dfige Wartung der von My Rent a Car bereitgestellten Fahrzeuge ist ausgeschlossen. Reparaturen am Fahrzeug durch den Mieter im Schadensfall sind nicht gestattet. Die Reifen werden aufgrund von Verschlei\u00df regelm\u00e4\u00dfig ausgetauscht. Sch\u00e4den durch unsachgem\u00e4\u00dfen Gebrauch des Fahrzeugs, einschlie\u00dflich zerst\u00f6rter Reifenbel\u00e4ge und Schlagl\u00f6cher, gehen zu Lasten des Mieters. Reifenpannen gehen zu Ihren Lasten.<\/p><p>Das Verladen des Fahrzeugs auf ein Schiff ist ohne vorherige schriftliche Zustimmung des Vermieters verboten. In diesen F\u00e4llen wird eine besondere Versicherung kostenpflichtig.<\/p><p>Das Fahrzeug darf Griechenland nicht verlassen. Das Mitf\u00fchren von brennbaren Stoffen, Schadstoffen, Drogen oder anderen in diesem \u00dcbereinkommen genannten Gegenst\u00e4nden sowie die Nutzung des Fahrzeugs als Instrument zur Begehung illegaler oder krimineller Handlungen sind nicht gestattet. Ein Versto\u00df gegen diese Bedingung und die daraus resultierenden Sch\u00e4den gehen zu Lasten des Mieters.<\/p><p>My Rent a Car haftet nicht f\u00fcr den Verlust pers\u00f6nlicher Gegenst\u00e4nde des Mieters und der Personen, die das Mietfahrzeug w\u00e4hrend der Mietdauer nutzen. Der Mieter erkl\u00e4rt sich ausdr\u00fccklich damit einverstanden, dass My Rent a Car nicht f\u00fcr Sch\u00e4den oder Verluste haftet, die dem Mieter oder Dritten w\u00e4hrend der Mietdauer entstehen. Aus diesem Grund k\u00f6nnen keine Anspr\u00fcche gegen My Rent a Car geltend gemacht werden.<\/p><p>Der Mieter stimmt der Speicherung seiner pers\u00f6nlichen Daten in der von My Rent a Car gef\u00fchrten elektronischen Datei zu. Es wird ausdr\u00fccklich vereinbart, dass My Rent a Car das Recht hat, diese Daten zu verwenden, wenn der Mieter w\u00e4hrend der Mietdauer falsche Angaben macht oder gegen die Vertragsbedingungen verst\u00f6\u00dft, und diese Informationen bei Verdacht auf K\u00fcndigung oder sonstige Straftaten an die Beh\u00f6rden weiterzuleiten.<\/p><p>Haustiere: Haustiere sind nicht erlaubt.<\/p><p>Reservierungen: F\u00fcr die Reservierung eines Autos oder Motorrads ist eine Vorauszahlung des Mietpreises in bar oder per Kredit-\/Debit-\/Prepaid-Karte erforderlich. Ohne Zahlung ist keine Reservierung g\u00fcltig.<\/p><p>Im Falle von Meinungsverschiedenheiten zwischen den Vertragsparteien, die sich aus dieser Vereinbarung ergeben, ist ausschlie\u00dflich das griechische Gericht, insbesondere das Gericht von Mytilene, zust\u00e4ndig.<\/p><p>(weiter mit Insurance Te<\/p><p><strong><u>Zahlungsbedingungen<\/u><\/strong><\/p><p>Um die Buchung erfolgreich abzuschlie\u00dfen, muss der Kunde den vollen Mietbetrag im Voraus auf eine der folgenden drei Arten bezahlen: \u2026\u2026\u2026\u2026\u2026\u2026\u2026\u2026\u2026\u2026.<\/p><ol><li>Alter des Fahrers: Mindestalter 23 Jahre.<\/li><li>F\u00fchrerschein: Der Fahrer muss einen g\u00fcltigen europ\u00e4ischen oder internationalen F\u00fchrerschein f\u00fcr die entsprechende Motorradkategorie besitzen.<\/li><li>Mietdauer: Die Mindestmietdauer betr\u00e4gt einen Tag (24 Stunden). Bei einer Versp\u00e4tung von einer Stunde mehr wird dem Kunden ein zus\u00e4tzlicher Miettag in Rechnung gestellt.<\/li><li>Versicherungen: Alle Mietpreise beinhalten eine Haftpflichtversicherung. Der Mieter haftet f\u00fcr alle m\u00f6glichen Sch\u00e4den oder Diebstahl (teilweise oder vollst\u00e4ndig) am Mietwagen oder Motorrad bis zu einem Betrag von 800 \u20ac. Der Mieter muss den Gesamtbetrag des Schadens am Mietwagen oder Motorrad zahlen, unabh\u00e4ngig davon, wer verantwortlich ist. Dieser Betrag wird dem Kunden nach der Entsch\u00e4digung von e-rentacar zur\u00fcckerstattet.<\/li><\/ol><p>ACHTUNG: Keiner der oben genannten Versicherungsschutze ist g\u00fcltig:<\/p><p>(a) Falls der Mieter unter dem Einfluss von Alkohol oder Drogen steht.<\/p><p>(b) F\u00fcr Sch\u00e4den, die durch das Fahren auf unbefestigten Stra\u00dfen entstehen.<\/p><p>(c) F\u00fcr Sch\u00e4den, die an den folgenden Teilen des Autos oder Motorrads, an den Reifen und den Felgen entstehen.<\/p><p>(d) Bei Unf\u00e4llen, die verursacht werden, wenn der Fahrer nicht im Mietvertrag angegeben ist.<\/p><p>(e) Bei Unf\u00e4llen, \u00fcber die der Mieter \u201ee-rentacar\u201c nicht informiert und keine Unfallmeldung im Sinne der griechischen Gesetzgebung eingereicht hat, unabh\u00e4ngig von seiner\/ihrer Verantwortung.<\/p><ol start=\"5\"><li>Versicherung mit Selbstbeteiligung: Durch die Zahlung eines zus\u00e4tzlichen Betrags von 10 \u20ac pro Tag kann der Mieter die Entsch\u00e4digung \u00fcber den Betrag von 800 \u20ac hinaus f\u00fcr Sch\u00e4den vermeiden, die am Auto oder Motorrad durch seine\/ihre Verantwortung verursacht werden.<\/li><li>Kraftstoff: Die Kraftstoffkosten tr\u00e4gt ausschlie\u00dflich der Mieter. Der Mieter ist verpflichtet, das Fahrzeug\/Motorrad mit dem Tankinhalt im gleichen Zustand zur\u00fcckzugeben, in dem er es erhalten hat. Andernfalls wird die Differenz zuz\u00fcglich 5 \u20ac berechnet. Die Kraftstoffkosten tr\u00e4gt ausschlie\u00dflich der Mieter, auch bei Abholung und R\u00fcckgabe au\u00dferhalb von Mytilini.<\/li><li>Pannenhilfe: Dem Mieter wird ein Betrag von 2 \u20ac pro Tag in Rechnung gestellt. Befindet sich der Mieter au\u00dferhalb des angegebenen Gebiets, tr\u00e4gt er die anfallenden Kosten f\u00fcr die Pannenhilfe selbst.<\/li><li>Garantie: Die Garantiegrenzen betragen je nach Fahrzeugkategorie 600 \u20ac bis 1200 \u20ac und k\u00f6nnen in bar oder per Kredit-\/Debit-\/Prepaid-Karte bezahlt werden.<\/li><li>Zahlungsmethode: Die Mietgeb\u00fchr f\u00fcr das Auto oder Motorrad wird in bar oder mit Karte (Visa, Mastercard, Maestro, Diners, Discover) zuz\u00fcglich einer Bankprovision von 3% bezahlt.<\/li><li>Abholung &amp; Zustellung: Die Abholung und Zustellung erfolgt ausschlie\u00dflich an unserer Station und innerhalb der \u00d6ffnungszeiten. Au\u00dferhalb der \u00d6ffnungszeiten und an gesetzlichen Feiertagen ist die Abholung und Zustellung nur nach Vereinbarung und gegen eine zus\u00e4tzliche Geb\u00fchr m\u00f6glich, die dem Mieter zu Lasten geht.<\/li><li>Reservierungen: Um ein Auto oder Motorrad zu reservieren, ist eine Vorauszahlung der Mietgeb\u00fchr in bar oder per Kredit-\/Debit-\/Prepaid-Karte erforderlich.\u00a0<strong>Ohne Zahlung ist keine Reservierung g\u00fcltig<\/strong>.<\/li><li>Stornierungsbedingungen: Im Falle einer Stornierung einer Reservierung ist \u201ee-rentacar\u201c berechtigt, folgende Stornierungsgeb\u00fchren einzubehalten:<\/li><\/ol><p>(a) 20% vom Gesamtmietpreis, f\u00fcr Stornierungen bis zu 15 Tage vor Mietbeginn.<\/p><p>(b) 35% vom Gesamtmietpreis bei Stornierungen, die zwischen einem (1) und f\u00fcnf (10) Tagen vor Mietbeginn erfolgen.<\/p><p>(c) 50% vom Gesamtmietpreis, falls der Kunde \u00fcberhaupt nicht erscheint.<br \/>(d) KEINE R\u00dcCKERSTATTUNG DER ANZAHLUNG<\/p><ol start=\"13\"><li>Stornierung: Stornierungen sollten schriftlich an \u201ee-rentacar\u201c, per Fax an +302253023000 oder per E-Mail an e-rentacar.gr@gmail.com gesendet werden.<\/li><li>Verkehrsverst\u00f6\u00dfe \u2013 Strafen: S\u00e4mtliche Bu\u00dfgelder und Ordnungswidrigkeiten belasten den Mieter.<\/li><li>Kilometer: Unbegrenzte Kilometer<\/li><li>Helm: Dem Mieter wird ein kostenloser Helm angeboten.<\/li><li>Verschiedene Begriffe:<\/li><\/ol><p>(a) Dem Mieter ist es nicht gestattet, das Fahrzeug f\u00fcr Geschwindigkeitsrennen, Wheelies oder Fahrten im Sand zu verwenden.<\/p><p>(b) Der Mieter sollte das Fahrzeug abschlie\u00dfen, wenn es unbeaufsichtigt ist.<\/p><p>(c) Das Fahrzeug darf nur vom Fahrer und den in diesem Leasingvertrag genannten Personen gefahren werden.<\/p><p>(d) Der Mieter darf das Fahrzeug nicht au\u00dferhalb von LESBOS \u00fcberf\u00fchren.<\/p><p>(e) Der Mieter gibt das Fahrzeug in demselben guten Zustand an das Unternehmen zur\u00fcck, in dem er es erhalten hat.<\/p><p>(f) Im Falle eines mechanischen Defekts muss der Mieter den Vermieter unverz\u00fcglich informieren.<\/p><p>(g) Im Falle eines Unfalls ist der Mieter verpflichtet, den Unfallhergang innerhalb von 24 Stunden zu melden, andernfalls haftet er sofort und in vollem Umfang f\u00fcr alle entstandenen Sch\u00e4den.<\/p><p>(h) Der Mieter erkl\u00e4rt sich ausdr\u00fccklich damit einverstanden, dass \u201ee-rentacar\u201c nicht f\u00fcr positive oder Folgesch\u00e4den haftet, die dem Mieter oder Dritten w\u00e4hrend der Mietdauer entstehen, und dass aus den oben genannten Gr\u00fcnden keine Anspr\u00fcche gegen das Unternehmen geltend gemacht werden k\u00f6nnen.<\/p><p>(i) In besonderen F\u00e4llen beh\u00e4lt sich \u201ee-rentacar\u201c das Recht vor, jeden Auto-\/Motorradtyp durch einen anderen der gleichen oder einer h\u00f6heren Kategorie zu ersetzen.<\/p><p>WENN ES F\u00dcR EINEN ZEITRAUM VON WENIGER ALS 3 TAGEN EINEN ANDEREN ABHOL- UND R\u00dcCKGABEORT GIBT, M\u00dcSSEN SIE UNS NACH DEN ZUS\u00c4TZLICHEN KOSTEN FRAGEN?<\/p><p>Bei Abholung oder R\u00fcckgabe von PLOMARI, AGIOS ISIDOROS MOLYBOS, PETRA, ANAXOS, EFTALOU, ERESSOS, SIGRI VATERA, POLICHNITOS, SKALA SIKAMINEAS, AGIASOS, MANTAMADOS, PAPADOS, PERAMA, PIRGI THERMIS ODER EINEM ANDEREN ORT F\u00dcR EINEN ZEITRAUM VON WENIGER ALS 5 TAGEN M\u00dcSSEN SIE ZUS\u00c4TZLICHE KOSTEN ZAHLEN 20 EURO PLUS 0,20 PRO KILOMETER<\/p><p><strong><u>Reservierungsbedingungen<\/u><\/strong><br \/><strong>KEINE RESERVIERUNG KANN OHNE ZAHLUNG VORGENOMMEN WERDEN<\/strong>.<\/p><p>Die Bedingungen und Preise k\u00f6nnen ohne Vorank\u00fcndigung ge\u00e4ndert werden.<\/p>\t\t\t\t\t\t\t\t<\/div>\n\t\t\t\t<\/div>\n\t\t\t\t\t<\/div>\n\t\t\t\t<\/div>\n\t\t<div class=\"elementor-element elementor-element-8073d93 e-flex e-con-boxed e-con e-parent\" data-id=\"8073d93\" data-element_type=\"container\" data-settings=\"{&quot;background_background&quot;:&quot;gradient&quot;}\">\n\t\t\t\t\t<div class=\"e-con-inner\">\n\t\t<div class=\"elementor-element elementor-element-b58ff41 e-con-full e-flex e-con e-child\" data-id=\"b58ff41\" data-element_type=\"container\" data-settings=\"{&quot;background_background&quot;:&quot;classic&quot;}\">\n\t\t\t\t<div class=\"elementor-element elementor-element-eacc391 elementor-widget elementor-widget-heading\" data-id=\"eacc391\" data-element_type=\"widget\" data-widget_type=\"heading.default\">\n\t\t\t\t<div class=\"elementor-widget-container\">\n\t\t\t\t\t<h2 class=\"elementor-heading-title elementor-size-default\">\u260f Hotline: +306907319494\n<\/h2>\t\t\t\t<\/div>\n\t\t\t\t<\/div>\n\t\t\t\t<div class=\"elementor-element elementor-element-bfcacf0 elementor-widget-divider--view-line elementor-widget elementor-widget-divider\" data-id=\"bfcacf0\" data-element_type=\"widget\" data-widget_type=\"divider.default\">\n\t\t\t\t<div class=\"elementor-widget-container\">\n\t\t\t\t\t\t\t<div class=\"elementor-divider\">\n\t\t\t<span class=\"elementor-divider-separator\">\n\t\t\t\t\t\t<\/span>\n\t\t<\/div>\n\t\t\t\t\t\t<\/div>\n\t\t\t\t<\/div>\n\t\t\t\t<div class=\"elementor-element elementor-element-92737d1 elementor-align-center elementor-mobile-align-center elementor-widget elementor-widget-button\" data-id=\"92737d1\" data-element_type=\"widget\" data-widget_type=\"button.default\">\n\t\t\t\t<div class=\"elementor-widget-container\">\n\t\t\t\t\t\t\t\t\t<div class=\"elementor-button-wrapper\">\n\t\t\t\t\t<a class=\"elementor-button elementor-button-link elementor-size-md\" href=\"https:\/\/myrentacar.gr\/de\">\n\t\t\t\t\t\t<span class=\"elementor-button-content-wrapper\">\n\t\t\t\t\t\t<span class=\"elementor-button-icon\">\n\t\t\t\t<svg aria-hidden=\"true\" class=\"e-font-icon-svg e-far-calendar-check\" viewbox=\"0 0 448 512\" xmlns=\"http:\/\/www.w3.org\/2000\/svg\"><path d=\"M400 64h-48V12c0-6.627-5.373-12-12-12h-40c-6.627 0-12 5.373-12 12v52H160V12c0-6.627-5.373-12-12-12h-40c-6.627 0-12 5.373-12 12v52H48C21.49 64 0 85.49 0 112v352c0 26.51 21.49 48 48 48h352c26.51 0 48-21.49 48-48V112c0-26.51-21.49-48-48-48zm-6 400H54a6 6 0 0 1-6-6V160h352v298a6 6 0 0 1-6 6zm-52.849-200.65L198.842 404.519c-4.705 4.667-12.303 4.637-16.971-.068l-75.091-75.699c-4.667-4.705-4.637-12.303.068-16.971l22.719-22.536c4.705-4.667 12.303-4.637 16.97.069l44.104 44.461 111.072-110.181c4.705-4.667 12.303-4.637 16.971.068l22.536 22.718c4.667 4.705 4.636 12.303-.069 16.97z\"><\/path><\/svg>\t\t\t<\/span>\n\t\t\t\t\t\t\t\t\t<span class=\"elementor-button-text\">Jetzt buchen<\/span>\n\t\t\t\t\t<\/span>\n\t\t\t\t\t<\/a>\n\t\t\t\t<\/div>\n\t\t\t\t\t\t\t\t<\/div>\n\t\t\t\t<\/div>\n\t\t\t\t<\/div>\n\t\t\t\t\t<\/div>\n\t\t\t\t<\/div>\n\t\t\t\t<\/div>","protected":false},"excerpt":{"rendered":"<p>CAR RENTAL TERMS &#038; CONDITIONS With this agreement the Company My Rent a Car, the undersigned tenant leases the car shown in the present (including any car that replaces it) under the following terms and agreements, including those listed on the front side, of which fully accepts the tenant. The Lessee has received the car [&hellip;]<\/p>","protected":false},"author":1,"featured_media":0,"parent":0,"menu_order":0,"comment_status":"closed","ping_status":"closed","template":"","meta":{"site-sidebar-layout":"no-sidebar","site-content-layout":"page-builder","ast-site-content-layout":"full-width-container","site-content-style":"unboxed","site-sidebar-style":"unboxed","ast-global-header-display":"","ast-banner-title-visibility":"","ast-main-header-display":"","ast-hfb-above-header-display":"","ast-hfb-below-header-display":"","ast-hfb-mobile-header-display":"","site-post-title":"disabled","ast-breadcrumbs-content":"","ast-featured-img":"disabled","footer-sml-layout":"","ast-disable-related-posts":"","theme-transparent-header-meta":"enabled","adv-header-id-meta":"","stick-header-meta":"","header-above-stick-meta":"","header-main-stick-meta":"","header-below-stick-meta":"","astra-migrate-meta-layouts":"set","ast-page-background-enabled":"default","ast-page-background-meta":{"desktop":{"background-color":"","background-image":"","background-repeat":"repeat","background-position":"center center","background-size":"auto","background-attachment":"scroll","background-type":"","background-media":"","overlay-type":"","overlay-color":"","overlay-opacity":"","overlay-gradient":""},"tablet":{"background-color":"","background-image":"","background-repeat":"repeat","background-position":"center center","background-size":"auto","background-attachment":"scroll","background-type":"","background-media":"","overlay-type":"","overlay-color":"","overlay-opacity":"","overlay-gradient":""},"mobile":{"background-color":"","background-image":"","background-repeat":"repeat","background-position":"center center","background-size":"auto","background-attachment":"scroll","background-type":"","background-media":"","overlay-type":"","overlay-color":"","overlay-opacity":"","overlay-gradient":""}},"ast-content-background-meta":{"desktop":{"background-color":"var(--ast-global-color-5)","background-image":"","background-repeat":"repeat","background-position":"center center","background-size":"auto","background-attachment":"scroll","background-type":"","background-media":"","overlay-type":"","overlay-color":"","overlay-opacity":"","overlay-gradient":""},"tablet":{"background-color":"var(--ast-global-color-5)","background-image":"","background-repeat":"repeat","background-position":"center center","background-size":"auto","background-attachment":"scroll","background-type":"","background-media":"","overlay-type":"","overlay-color":"","overlay-opacity":"","overlay-gradient":""},"mobile":{"background-color":"var(--ast-global-color-5)","background-image":"","background-repeat":"repeat","background-position":"center center","background-size":"auto","background-attachment":"scroll","background-type":"","background-media":"","overlay-type":"","overlay-color":"","overlay-opacity":"","overlay-gradient":""}},"footnotes":""},"class_list":["post-17695","page","type-page","status-publish","hentry"],"_links":{"self":[{"href":"https:\/\/myrentacar.gr\/de\/wp-json\/wp\/v2\/pages\/17695","targetHints":{"allow":["GET"]}}],"collection":[{"href":"https:\/\/myrentacar.gr\/de\/wp-json\/wp\/v2\/pages"}],"about":[{"href":"https:\/\/myrentacar.gr\/de\/wp-json\/wp\/v2\/types\/page"}],"author":[{"embeddable":true,"href":"https:\/\/myrentacar.gr\/de\/wp-json\/wp\/v2\/users\/1"}],"replies":[{"embeddable":true,"href":"https:\/\/myrentacar.gr\/de\/wp-json\/wp\/v2\/comments?post=17695"}],"version-history":[{"count":14,"href":"https:\/\/myrentacar.gr\/de\/wp-json\/wp\/v2\/pages\/17695\/revisions"}],"predecessor-version":[{"id":17910,"href":"https:\/\/myrentacar.gr\/de\/wp-json\/wp\/v2\/pages\/17695\/revisions\/17910"}],"wp:attachment":[{"href":"https:\/\/myrentacar.gr\/de\/wp-json\/wp\/v2\/media?parent=17695"}],"curies":[{"name":"wp","href":"https:\/\/api.w.org\/{rel}","templated":true}]}}