{"id":230,"date":"2025-03-13T14:34:49","date_gmt":"2025-03-13T14:34:49","guid":{"rendered":"https:\/\/myrentacar.gr\/our-staff\/"},"modified":"2025-06-21T10:58:09","modified_gmt":"2025-06-21T10:58:09","slug":"our-staff","status":"publish","type":"page","link":"https:\/\/myrentacar.gr\/de\/our-staff\/","title":{"rendered":"\u00dcber uns"},"content":{"rendered":"<div data-elementor-type=\"wp-post\" data-elementor-id=\"230\" class=\"elementor elementor-230\" data-elementor-post-type=\"page\">\n\t\t\t\t<div class=\"elementor-element elementor-element-2c4fdd7 e-flex e-con-boxed e-con e-parent\" data-id=\"2c4fdd7\" data-element_type=\"container\" data-settings=\"{&quot;background_background&quot;:&quot;classic&quot;}\">\n\t\t\t\t\t<div class=\"e-con-inner\">\n\t\t<div class=\"elementor-element elementor-element-e319c7a e-con-full e-flex e-con e-child\" data-id=\"e319c7a\" data-element_type=\"container\">\n\t\t\t\t<div class=\"elementor-element elementor-element-18cc39a elementor-widget elementor-widget-heading\" data-id=\"18cc39a\" data-element_type=\"widget\" data-widget_type=\"heading.default\">\n\t\t\t\t<div class=\"elementor-widget-container\">\n\t\t\t\t\t<h6 class=\"elementor-heading-title elementor-size-default\">UNSERE MITARBEITER<\/h6>\t\t\t\t<\/div>\n\t\t\t\t<\/div>\n\t\t\t\t<div class=\"elementor-element elementor-element-3d7a8b8 elementor-widget elementor-widget-heading\" data-id=\"3d7a8b8\" data-element_type=\"widget\" data-widget_type=\"heading.default\">\n\t\t\t\t<div class=\"elementor-widget-container\">\n\t\t\t\t\t<h1 class=\"elementor-heading-title elementor-size-default\">\u00dcber uns <\/h1>\t\t\t\t<\/div>\n\t\t\t\t<\/div>\n\t\t\t\t<div class=\"elementor-element elementor-element-688f409 elementor-widget-divider--view-line elementor-widget elementor-widget-divider\" data-id=\"688f409\" data-element_type=\"widget\" data-widget_type=\"divider.default\">\n\t\t\t\t<div class=\"elementor-widget-container\">\n\t\t\t\t\t\t\t<div class=\"elementor-divider\">\n\t\t\t<span class=\"elementor-divider-separator\">\n\t\t\t\t\t\t<\/span>\n\t\t<\/div>\n\t\t\t\t\t\t<\/div>\n\t\t\t\t<\/div>\n\t\t\t\t<div class=\"elementor-element elementor-element-585fdc1 elementor-widget elementor-widget-text-editor\" data-id=\"585fdc1\" data-element_type=\"widget\" data-widget_type=\"text-editor.default\">\n\t\t\t\t<div class=\"elementor-widget-container\">\n\t\t\t\t\t\t\t\t\t<p>Wir sind ein lokales Vermietungsunternehmen mit Hauptsitz in KALLONI, LESVOS. Vermietungen auf ganz LESVOS. ELPINIKI RENT A CAR ODER A MOTORBIKE LIEFERT VERMIETUNGEN IN PLOMARI, AGIOS ISIDOROS, MITILINI, FLUGHAFEN MITILINI, HAFEN MOLYBOS, PETRA, ANAXOS, EFTALOU, ERESSOS, SIGRI, VATERA, SKALA, KALLONIS UND AUF DER GANZEN INSEL LESVOS.<\/p>\t\t\t\t\t\t\t\t<\/div>\n\t\t\t\t<\/div>\n\t\t\t\t<\/div>\n\t\t\t\t\t<\/div>\n\t\t\t\t<\/div>\n\t\t<div class=\"elementor-element elementor-element-0abafae e-flex e-con-boxed e-con e-parent\" data-id=\"0abafae\" data-element_type=\"container\">\n\t\t\t\t\t<div class=\"e-con-inner\">\n\t\t\t\t<div class=\"elementor-element elementor-element-fb28c0e elementor-widget elementor-widget-text-editor\" data-id=\"fb28c0e\" data-element_type=\"widget\" data-widget_type=\"text-editor.default\">\n\t\t\t\t<div class=\"elementor-widget-container\">\n\t\t\t\t\t\t\t\t\t<p>Wir verf\u00fcgen \u00fcber Erfahrung in diesem Bereich seit 1986 und unser Motto lautet, exzellente und schnelle Dienste zu leisten.<br \/>Wir verf\u00fcgen \u00fcber eine Auswahl an Fahrzeugen, die Ihren Anforderungen gerecht werden.<br \/>Auf unserer Webseite e-rentacar.gr k\u00f6nnen Sie unsere Dienstleistungen und Produkte ansehen.<br \/>Sie k\u00f6nnen Ihre Buchung auch online vornehmen. Wir verf\u00fcgen \u00fcber gut geschultes Personal, das stets f\u00fcr Ihre Kundenzufriedenheit da ist.<br \/>Neben der Basismiete eines Fahrzeugs bietet die Autovermietung ELPINIKI auch Zusatzprodukte wie Versicherungen, Navigationssysteme (GPS), Entertainmentsysteme, Mobiltelefone, tragbares WLAN und Kindersitze an.<br \/>ELPINIKI CAR HIRE gibt Ihnen die Freiheit, dorthin zu fahren, wo Sie wollen, wann Sie wollen, in einem gut gewarteten, gepflegten und komfortablen Auto, das Ihren Reisestandards entspricht<br \/>NUTZEN<br \/>Der Vorteil von ELPINIKI CAR HIRE besteht darin, dass es keine versteckten Kosten, keine Buchungsgeb\u00fchren und keine unerwarteten Extras gibt, die den Preis erh\u00f6hen, wenn Sie es am wenigsten erwarten. Wenn Sie sich f\u00fcr ein Tagesauto entscheiden, ist die Kilometerzahl unbegrenzt, und Sie zahlen f\u00fcr den Kraftstoff.<br \/>Achten Sie auf Unternehmen, die eine zus\u00e4tzliche Kilometerpauschale berechnen, da dies den Preis schnell deutlich h\u00f6her als erwartet treiben kann. Der Vorteil einer Autovermietung von ELPINIKI besteht darin, dass Sie die vollst\u00e4ndige Zahlung online im Voraus leisten oder eine Anzahlung leisten k\u00f6nnen. Der Restbetrag kann dann bei Ihrer Ankunft vor Ort beglichen werden. Dies ist immer von Vorteil, sobald Sie sichergestellt haben, dass das Fahrzeug Ihrer Buchung entspricht. \u00dcber ELPINIKI RENTALS k\u00f6nnen Sie alles mieten \u2013 Enduro, Dualsport- oder Adventure-Motorrad, Urban-, Street- oder Sportbike, Stra\u00dfen-, Cruiser- oder Tourenmotorrad. Wir haben alles \u2013 unsere ELPINIKI-Motorradmietflotte auf LESVOS besteht aus preiswerten Motorr\u00e4dern, die zu niedrigen Mietpreisen erh\u00e4ltlich sind. Wir bieten auch alle Arten von professioneller Motorradausr\u00fcstung, Zubeh\u00f6r und Ausr\u00fcstung an, um Ihr Motorradabenteuer sicher und angenehm zu gestalten.<br \/>ELPINIKI-ROLLERVERMIETUNG AUF LESVOS &amp; MOPEDVERMIETUNG<br \/>* Kostenlose Lieferung<br \/>* Unbegrenzte Kilometer<br \/>* 24\/7 Pannenhilfe<br \/>* DIE BESTEN PREISE AUF LESVOS<br \/>* KEINE ZWISCHENH\u00c4NDLERGEB\u00dcHREN<br \/>* DER BESTE WEG, DIE SCH\u00d6NHEIT VON LESBOS ZU ERKUNDEN<br \/>* DIE BESTE ART, VOGEL AUF SKALA KALLONIS ZU BEOBACHTEN<br \/>ELPINIKI RENT A CAR LESVOS. SONDERANGEBOTE F\u00dcR BRANDNEUE AUTOS. AUTOVERMIETUNG LESVOS ELPINIKI. BUCHEN SIE ONLINE UND SPAREN SIE ZEIT UND GELD.<\/p><p>Concierge-Dienste auf Lesbos\u00a0<\/p>\t\t\t\t\t\t\t\t<\/div>\n\t\t\t\t<\/div>\n\t\t\t\t\t<\/div>\n\t\t\t\t<\/div>\n\t\t\t\t<\/div>","protected":false},"excerpt":{"rendered":"<p>OUR STAFF About us We are a local rental company with its head office in KALLONI LESVOS. rentals all over .ELPINIKI RENT A CAR OR A MOTORBIKE DELIVER RENTALS AT PLOMARI AGIOS ISIDOROS MITILINI AIRPORT MITILINI PORT MOLYBOS PETRA ANAXOS EFTALOU ERESSOS SIGRI VATERA SKALA KALLONIS AND ALL OVER THE ISLAND OF LESVOS. Our experience [&hellip;]<\/p>","protected":false},"author":1,"featured_media":0,"parent":0,"menu_order":0,"comment_status":"closed","ping_status":"closed","template":"","meta":{"site-sidebar-layout":"no-sidebar","site-content-layout":"page-builder","ast-site-content-layout":"full-width-container","site-content-style":"unboxed","site-sidebar-style":"unboxed","ast-global-header-display":"","ast-banner-title-visibility":"","ast-main-header-display":"","ast-hfb-above-header-display":"","ast-hfb-below-header-display":"","ast-hfb-mobile-header-display":"","site-post-title":"disabled","ast-breadcrumbs-content":"","ast-featured-img":"disabled","footer-sml-layout":"","ast-disable-related-posts":"","theme-transparent-header-meta":"enabled","adv-header-id-meta":"","stick-header-meta":"","header-above-stick-meta":"","header-main-stick-meta":"","header-below-stick-meta":"","astra-migrate-meta-layouts":"set","ast-page-background-enabled":"default","ast-page-background-meta":{"desktop":{"background-color":"","background-image":"","background-repeat":"repeat","background-position":"center center","background-size":"auto","background-attachment":"scroll","background-type":"","background-media":"","overlay-type":"","overlay-color":"","overlay-opacity":"","overlay-gradient":""},"tablet":{"background-color":"","background-image":"","background-repeat":"repeat","background-position":"center center","background-size":"auto","background-attachment":"scroll","background-type":"","background-media":"","overlay-type":"","overlay-color":"","overlay-opacity":"","overlay-gradient":""},"mobile":{"background-color":"","background-image":"","background-repeat":"repeat","background-position":"center center","background-size":"auto","background-attachment":"scroll","background-type":"","background-media":"","overlay-type":"","overlay-color":"","overlay-opacity":"","overlay-gradient":""}},"ast-content-background-meta":{"desktop":{"background-color":"var(--ast-global-color-5)","background-image":"","background-repeat":"repeat","background-position":"center center","background-size":"auto","background-attachment":"scroll","background-type":"","background-media":"","overlay-type":"","overlay-color":"","overlay-opacity":"","overlay-gradient":""},"tablet":{"background-color":"var(--ast-global-color-5)","background-image":"","background-repeat":"repeat","background-position":"center center","background-size":"auto","background-attachment":"scroll","background-type":"","background-media":"","overlay-type":"","overlay-color":"","overlay-opacity":"","overlay-gradient":""},"mobile":{"background-color":"var(--ast-global-color-5)","background-image":"","background-repeat":"repeat","background-position":"center center","background-size":"auto","background-attachment":"scroll","background-type":"","background-media":"","overlay-type":"","overlay-color":"","overlay-opacity":"","overlay-gradient":""}},"footnotes":""},"class_list":["post-230","page","type-page","status-publish","hentry"],"_links":{"self":[{"href":"https:\/\/myrentacar.gr\/de\/wp-json\/wp\/v2\/pages\/230","targetHints":{"allow":["GET"]}}],"collection":[{"href":"https:\/\/myrentacar.gr\/de\/wp-json\/wp\/v2\/pages"}],"about":[{"href":"https:\/\/myrentacar.gr\/de\/wp-json\/wp\/v2\/types\/page"}],"author":[{"embeddable":true,"href":"https:\/\/myrentacar.gr\/de\/wp-json\/wp\/v2\/users\/1"}],"replies":[{"embeddable":true,"href":"https:\/\/myrentacar.gr\/de\/wp-json\/wp\/v2\/comments?post=230"}],"version-history":[{"count":10,"href":"https:\/\/myrentacar.gr\/de\/wp-json\/wp\/v2\/pages\/230\/revisions"}],"predecessor-version":[{"id":18289,"href":"https:\/\/myrentacar.gr\/de\/wp-json\/wp\/v2\/pages\/230\/revisions\/18289"}],"wp:attachment":[{"href":"https:\/\/myrentacar.gr\/de\/wp-json\/wp\/v2\/media?parent=230"}],"curies":[{"name":"wp","href":"https:\/\/api.w.org\/{rel}","templated":true}]}}