{"id":17695,"date":"2025-05-08T18:13:01","date_gmt":"2025-05-08T18:13:01","guid":{"rendered":"https:\/\/myrentacar.gr\/?page_id=17695"},"modified":"2025-05-26T14:22:35","modified_gmt":"2025-05-26T14:22:35","slug":"locations","status":"publish","type":"page","link":"https:\/\/myrentacar.gr\/fr\/locations\/","title":{"rendered":"CONDITIONS G\u00c9N\u00c9RALES DE LOCATION DE VOITURE"},"content":{"rendered":"<div data-elementor-type=\"wp-post\" data-elementor-id=\"17695\" class=\"elementor elementor-17695\" data-elementor-post-type=\"page\">\n\t\t\t\t<div class=\"elementor-element elementor-element-6b2d6fe e-flex e-con-boxed e-con e-parent\" data-id=\"6b2d6fe\" data-element_type=\"container\" data-settings=\"{&quot;background_background&quot;:&quot;classic&quot;}\">\n\t\t\t\t\t<div class=\"e-con-inner\">\n\t\t<div class=\"elementor-element elementor-element-98d4ecd e-con-full e-flex e-con e-child\" data-id=\"98d4ecd\" data-element_type=\"container\">\n\t\t\t\t<div class=\"elementor-element elementor-element-7069fc4 elementor-widget elementor-widget-heading\" data-id=\"7069fc4\" data-element_type=\"widget\" data-widget_type=\"heading.default\">\n\t\t\t\t<div class=\"elementor-widget-container\">\n\t\t\t\t\t<h1 class=\"elementor-heading-title elementor-size-default\">CONDITIONS G\u00c9N\u00c9RALES DE LOCATION DE VOITURE<\/h1>\t\t\t\t<\/div>\n\t\t\t\t<\/div>\n\t\t\t\t<div class=\"elementor-element elementor-element-eb43c4a elementor-widget-divider--view-line elementor-widget elementor-widget-divider\" data-id=\"eb43c4a\" data-element_type=\"widget\" data-widget_type=\"divider.default\">\n\t\t\t\t<div class=\"elementor-widget-container\">\n\t\t\t\t\t\t\t<div class=\"elementor-divider\">\n\t\t\t<span class=\"elementor-divider-separator\">\n\t\t\t\t\t\t<\/span>\n\t\t<\/div>\n\t\t\t\t\t\t<\/div>\n\t\t\t\t<\/div>\n\t\t\t\t<\/div>\n\t\t\t\t\t<\/div>\n\t\t\t\t<\/div>\n\t\t<div class=\"elementor-element elementor-element-7346f37 e-flex e-con-boxed e-con e-parent\" data-id=\"7346f37\" data-element_type=\"container\">\n\t\t\t\t\t<div class=\"e-con-inner\">\n\t\t\t\t<div class=\"elementor-element elementor-element-ab9456c elementor-widget elementor-widget-text-editor\" data-id=\"ab9456c\" data-element_type=\"widget\" data-widget_type=\"text-editor.default\">\n\t\t\t\t<div class=\"elementor-widget-container\">\n\t\t\t\t\t\t\t\t\t<p data-pm-slice=\"1 1 []\">Avec cet accord, la Soci\u00e9t\u00e9 My Rent a Car, le locataire soussign\u00e9 loue la voiture pr\u00e9sent\u00e9e dans le pr\u00e9sent (y compris toute voiture qui la remplace) selon les termes et accords suivants, y compris ceux \u00e9num\u00e9r\u00e9s au recto, dont le locataire accepte pleinement.<\/p><p>Le locataire a pris possession du v\u00e9hicule, qui lui a sembl\u00e9 parfaitement fonctionnel, en excellent \u00e9tat et adapt\u00e9 \u00e0 l&#039;usage pr\u00e9vu par la location. Il est tenu de restituer \u00e0 My Rent a Car le v\u00e9hicule, ainsi que tous les outils et accessoires (roue de secours, cric, outillage, pharmacie, extincteur, triangle de s\u00e9curit\u00e9, antenne) fournis, dans le lieu de r\u00e9ception, \u00e0 la date et au lieu convenus. Dans le cas contraire, et apr\u00e8s remboursement du d\u00e9lai convenu, le locataire est tenu de payer \u00e0 My Rent a Car le montant normal de l&#039;indemnit\u00e9 d&#039;utilisation et une indemnit\u00e9 pour chaque perte, positive ou n\u00e9gative. Pass\u00e9 90 minutes apr\u00e8s l&#039;heure de livraison convenue du v\u00e9hicule, le locataire se verra facturer une (1) journ\u00e9e de location suppl\u00e9mentaire. My Rent a Car se r\u00e9serve le droit de reprendre possession et l&#039;usage du v\u00e9hicule \u00e0 tout moment, sans pr\u00e9avis et sans l&#039;accord du locataire, \u00e0 ses frais, quel que soit le lieu et le moyen de transport, sauf en cas de risque de dommage ou de perte du v\u00e9hicule et de non-r\u00e9cup\u00e9ration des dommages. My Rent a Car a le droit, en plus du cas ci-dessus, de reprendre possession et l&#039;usage du v\u00e9hicule s&#039;il est utilis\u00e9 ou utilis\u00e9 en violation des termes du pr\u00e9sent contrat ou de la dur\u00e9e de location sp\u00e9cifi\u00e9e.<\/p><p>Pendant la dur\u00e9e de la location, le locataire et toute personne signataire du pr\u00e9sent contrat s&#039;engagent \u00e0 maintenir le v\u00e9hicule d&#039;occasion en bon \u00e9tat et conforme \u00e0 ses conditions, \u00e0 v\u00e9rifier son \u00e9tat m\u00e9canique, la pr\u00e9sence d&#039;huile, d&#039;eau, etc., l&#039;\u00e9tat des pneus et la s\u00e9curit\u00e9 routi\u00e8re, \u00e0 verrouiller le v\u00e9hicule et \u00e0 utiliser les syst\u00e8mes de s\u00e9curit\u00e9, et \u00e0 prendre des mesures pour pr\u00e9venir le vol ou la d\u00e9pr\u00e9ciation. Si le locataire souhaite prolonger la location, il est tenu d&#039;en informer My Rent a Car par \u00e9crit 24 heures avant l&#039;expiration du contrat afin d&#039;obtenir une autorisation \u00e9crite, sous r\u00e9serve de disponibilit\u00e9. \u00c0 d\u00e9faut, il s&#039;expose \u00e0 des poursuites civiles et p\u00e9nales pour utilisation et possession ill\u00e9gales du v\u00e9hicule.<\/p><p>Le locataire doit se conformer aux dispositions applicables du Code de la route et \u00e0 toute autre disposition de la police routi\u00e8re. En cas de sanction pour infraction au Code de la route, la peine et l&#039;amende p\u00e8sent uniquement sur le locataire.<\/p><p>Il est express\u00e9ment interdit au locataire d&#039;utiliser le v\u00e9hicule : a) pour transporter des objets lourds et des bagages, b) pour transporter plus de personnes que celles sp\u00e9cifi\u00e9es dans l&#039;autorisation de mise sur le march\u00e9, c) pour le louer \u00e0 des tiers, d) pour se conformer ou participer \u00e0 des courses de v\u00e9hicules automobiles, e) pour permettre de conduire des tiers, non pr\u00e9vus dans les contrats de location.<\/p><p>En cas d&#039;accident ou autre incident (incendie, vol, etc.) le locataire ou le conducteur suppl\u00e9mentaire est tenu directement dans les cas suivants: a) ne pas d\u00e9clarer la faute ou la culpabilit\u00e9 et les r\u00e9clamations de tiers de quelque mani\u00e8re que ce soit, directement ou indirectement, b) faire les noms et adresses des t\u00e9moins et le nom et l&#039;adresse du conducteur et les d\u00e9tails de la voiture, qui toute collision de voiture, c) avertir la police pour rechercher la faute du tiers et les soins de toutes blessures existantes, d) \u00eatre contact\u00e9 imm\u00e9diatement par t\u00e9l\u00e9phone ou d&#039;autres moyens dans My Rent a Car t\u00e9l. +30 2253023000, mob. +30 6981765808 e) de recueillir toute information de tout tiers, f) de photographier la sc\u00e8ne de l&#039;accident et les voitures impliqu\u00e9es dans l&#039;accident si possible.<\/p><p>Le locataire est tenu de remplir et de signer un constat d&#039;accident\/vol aupr\u00e8s de My Rent a Car dans les 24 heures et de fournir tous les documents ou informations relatifs \u00e0 l&#039;accident. En cas de vol ou de perte du v\u00e9hicule, le locataire est tenu de le signaler aux autorit\u00e9s de police les plus proches dans les 24 heures.<\/p><p>La voiture ne peut \u00eatre lou\u00e9e que par le locataire et un conducteur suppl\u00e9mentaire, mentionn\u00e9s dans le pr\u00e9sent contrat. Les deux conducteurs doivent \u00eatre \u00e2g\u00e9s d&#039;au moins 23 ans et \u00eatre titulaires d&#039;un permis de conduire grec ou international valide depuis au moins un an.<\/p><p>Le co\u00fbt de l&#039;essence est \u00e0 la charge du locataire. Utilisez uniquement de l&#039;essence sans plomb.<\/p><p>L&#039;entretien r\u00e9gulier des v\u00e9hicules fournis par My Rent a Car est assur\u00e9. Toute r\u00e9paration du v\u00e9hicule par le locataire est interdite en cas de panne. Les pneus du v\u00e9hicule sont remplac\u00e9s r\u00e9guli\u00e8rement en raison de leur usure. Les dommages dus \u00e0 une mauvaise utilisation du v\u00e9hicule, y compris les pneus endommag\u00e9s, les nids-de-poule et les crevaisons, sont \u00e0 la charge du locataire. Les crevaisons sont \u00e0 votre charge.<\/p><p>Il est interdit de charger le v\u00e9hicule sur un navire sans l&#039;accord \u00e9crit pr\u00e9alable du loueur. Dans ce cas, une assurance sp\u00e9ciale est factur\u00e9e.<\/p><p>Il est interdit de quitter la Gr\u00e8ce. Il est interdit de transporter des mati\u00e8res inflammables, des polluants, des drogues ou tout autre objet vis\u00e9 par la pr\u00e9sente Convention, et d&#039;utiliser le v\u00e9hicule comme instrument pour commettre un acte ill\u00e9gal ou criminel. Tout manquement \u00e0 cette condition et tout manquement \u00e0 l&#039;obligation de guide seront \u00e0 la charge du locataire.<\/p><p>My Rent a Car d\u00e9cline toute responsabilit\u00e9 en cas de perte d&#039;effets personnels du locataire et des occupants du v\u00e9hicule lou\u00e9 pendant la dur\u00e9e de la location. Le locataire reconna\u00eet express\u00e9ment que My Rent a Car d\u00e9cline toute responsabilit\u00e9 en cas de dommage ou de perte subis par lui-m\u00eame ou des tiers pendant la dur\u00e9e de la location, et qu&#039;aucune r\u00e9clamation ne pourra \u00eatre formul\u00e9e contre My Rent a Car pour les motifs susmentionn\u00e9s.<\/p><p>Le locataire consent \u00e0 la saisie de ses informations personnelles d\u00e9taill\u00e9es dans ce fichier \u00e9lectronique g\u00e9r\u00e9 par My Rent a Car. Il est express\u00e9ment convenu que My Rent a Car se r\u00e9serve le droit d&#039;utiliser ces informations si le locataire fait de fausses d\u00e9clarations ou contrevient aux termes du pr\u00e9sent contrat pendant la dur\u00e9e du bail, et de transmettre ces informations aux autorit\u00e9s en cas de suspicion de r\u00e9siliation ou d&#039;infraction p\u00e9nale.<\/p><p>Animaux : Les animaux ne sont pas admis.<\/p><p>R\u00e9servations\u00a0: Pour r\u00e9server une voiture ou une moto, un pr\u00e9paiement du prix de la location est obligatoire, en esp\u00e8ces ou par carte bancaire. Aucune r\u00e9servation n&#039;est valable sans paiement.<\/p><p>En cas de diff\u00e9rend entre les parties contractantes r\u00e9sultant du pr\u00e9sent accord, seul le tribunal grec, en particulier les tribunaux de Mytil\u00e8ne, aura comp\u00e9tence exclusive.<\/p><p>(continue avec Assurance Te<\/p><p><strong><u>Conditions de paiement<\/u><\/strong><\/p><p>Le client, pour finaliser la r\u00e9servation, est tenu de payer le montant total de la location \u00e0 l\u2019avance selon les trois modalit\u00e9s suivantes :\u2026\u2026\u2026\u2026\u2026\u2026\u2026\u2026\u2026\u2026.<\/p><ol><li>\u00c2ge du conducteur : \u00c2ge minimum 23 ans.<\/li><li>Permis de conduire : Le conducteur doit \u00eatre titulaire d&#039;un permis europ\u00e9en ou international valide pour la cat\u00e9gorie correspondante de la moto.<\/li><li>Dur\u00e9e de location\u00a0: La dur\u00e9e minimale de location est d&#039;une journ\u00e9e (24\u00a0heures). En cas de retard d&#039;une heure, une journ\u00e9e de location suppl\u00e9mentaire sera factur\u00e9e au client.<\/li><li>Assurances\u00a0: Tous les prix de location incluent la responsabilit\u00e9 civile. Le locataire est responsable de tout dommage ou vol (partiel ou total) caus\u00e9 \u00e0 la voiture ou \u00e0 la moto lou\u00e9e, jusqu&#039;\u00e0 un montant de 800\u00a0\u20ac. Le locataire doit r\u00e9gler le co\u00fbt total des dommages caus\u00e9s \u00e0 la voiture ou \u00e0 la moto, quel que soit le responsable. Ce montant lui sera restitu\u00e9 apr\u00e8s indemnisation de la soci\u00e9t\u00e9 e-rentacar.<\/li><\/ol><p>ATTENTION : Aucune des couvertures d&#039;assurance ci-dessus n&#039;est valable :<\/p><p>(a) Dans le cas o\u00f9 le locataire est sous l\u2019influence de l\u2019alcool ou de drogues.<\/p><p>(b)Pour les dommages caus\u00e9s par la conduite sur des routes non pav\u00e9es.<\/p><p>(c) Pour les dommages caus\u00e9s aux parties ci-dessous de la voiture, de la moto, aux pneus et aux jantes.<\/p><p>(d) Pour les accidents caus\u00e9s lorsque le conducteur n\u2019est pas mentionn\u00e9 sur le contrat de location.<\/p><p>(e) Pour les accidents pour lesquels le locataire n&#039;a pas inform\u00e9 \u00ab e-rentacar \u00bb et n&#039;a pas soumis de d\u00e9claration d&#039;accident telle que d\u00e9finie par la l\u00e9gislation grecque, quelle que soit sa responsabilit\u00e9.<\/p><ol start=\"5\"><li>Assurance avec franchise : En payant un montant suppl\u00e9mentaire de 10\u20ac par jour le locataire est en mesure d&#039;\u00e9viter l&#039;indemnisation au-del\u00e0 du montant de 800\u20ac pour tous dommages qu&#039;il pourrait causer \u00e0 la voiture, moto sous sa responsabilit\u00e9.<\/li><li>Carburant\u00a0: Le co\u00fbt du carburant est \u00e0 la charge exclusive du locataire. Ce dernier est tenu de restituer la voiture ou la moto avec le r\u00e9servoir plein, dans le m\u00eame \u00e9tat qu&#039;\u00e0 sa r\u00e9ception. Dans le cas contraire, la diff\u00e9rence de carburant et un suppl\u00e9ment de 5\u00a0\u20ac seront factur\u00e9s. Le co\u00fbt du carburant est \u00e0 la charge exclusive du locataire, y compris lors de la prise en charge et du retour du v\u00e9hicule en dehors de Mytil\u00e8ne.<\/li><li>Assistance routi\u00e8re\u00a0: Le locataire est factur\u00e9 2\u00a0\u20ac par jour. Si le locataire se trouve dans une zone hors de la zone sp\u00e9cifi\u00e9e, il est tenu de payer lui-m\u00eame les frais d&#039;assistance routi\u00e8re qui en r\u00e9sultent.<\/li><li>Garantie : Les limites de garantie d\u00e9pendent de la cat\u00e9gorie du v\u00e9hicule et sont de 600\u20ac \u00e0 1200\u20ac en esp\u00e8ces ou par carte de cr\u00e9dit\/d\u00e9bit\/pr\u00e9pay\u00e9e.<\/li><li>Mode de paiement : Le prix de location de voiture, moto est pay\u00e9 en esp\u00e8ces ou par carte (Visa, Mastercard, Maestro, Diners, Discover) avec un suppl\u00e9ment de 3% de commission bancaire.<\/li><li>Prise en charge et livraison\u00a0: La prise en charge et la livraison ont lieu uniquement dans notre agence et pendant les heures d&#039;ouverture. En dehors des heures d&#039;ouverture et des jours f\u00e9ri\u00e9s, la prise en charge et la livraison ne sont possibles qu&#039;apr\u00e8s accord pr\u00e9alable et moyennant un suppl\u00e9ment \u00e0 la charge du locataire.<\/li><li>R\u00e9servations : Afin de r\u00e9server une voiture, une moto, un pr\u00e9paiement du prix de location est n\u00e9cessaire, pay\u00e9 en esp\u00e8ces ou par carte de cr\u00e9dit\/d\u00e9bit\/pr\u00e9pay\u00e9e est obligatoire.\u00a0<strong>Aucune r\u00e9servation n&#039;est valable sans paiement<\/strong>.<\/li><li>Politique d&#039;annulation : En cas d&#039;annulation d&#039;une r\u00e9servation, &#039;e-rentacar&#039; a le droit de retenir les frais d&#039;annulation suivants :<\/li><\/ol><p>(a) 20% du prix total de la location, pour les annulations signal\u00e9es jusqu&#039;\u00e0 15 jours avant la date de d\u00e9but de la location.<\/p><p>(b) 35% du prix total de la location, pour les annulations signal\u00e9es entre un (1) et cinq (10) jours avant la date de d\u00e9but de la location.<\/p><p>(c) 50% du prix total de la location au cas o\u00f9 le client ne se pr\u00e9senterait pas du tout.<br \/>(d) AUCUN REMBOURSEMENT DE D\u00c9P\u00d4T<\/p><ol start=\"13\"><li>Annulation : Les annulations doivent \u00eatre envoy\u00e9es par \u00e9crit \u00e0 \u00ab e-rentacar \u00bb par fax au +302253023000 ou par e-mail : e-rentacar.gr@gmail.com<\/li><li>Infractions au code de la route \u2013 Sanctions : Toutes les amendes et sanctions administratives p\u00e8sent sur le locataire.<\/li><li>Kilom\u00e8tres : Kilom\u00e8tres illimit\u00e9s<\/li><li>Casque : Un casque est offert gratuitement au locataire.<\/li><li>Termes divers :<\/li><\/ol><p>(a) Le locataire n&#039;est pas autoris\u00e9 \u00e0 utiliser le v\u00e9hicule pour des courses de vitesse, des wheelies ou des balades dans le sable.<\/p><p>(b) Le locataire doit verrouiller le v\u00e9hicule lorsque celui-ci est sans surveillance.<\/p><p>(c) Le v\u00e9hicule doit \u00eatre conduit uniquement par le conducteur et les personnes mentionn\u00e9es dans le pr\u00e9sent contrat de location.<\/p><p>(d) Le locataire ne doit pas transf\u00e9rer le v\u00e9hicule en dehors de LESVOS.<\/p><p>(e) Le locataire restituera le v\u00e9hicule \u00e0 la soci\u00e9t\u00e9 dans le m\u00eame bon \u00e9tat dans lequel il l&#039;a re\u00e7u.<\/p><p>(f) En cas de panne m\u00e9canique, le locataire doit informer imm\u00e9diatement le loueur.<\/p><p>(g) En cas d&#039;accident, le locataire est tenu de d\u00e9clarer la survenance de l&#039;accident dans les 24 heures, dans tous les autres cas il devient imm\u00e9diatement enti\u00e8rement responsable de tous les dommages caus\u00e9s.<\/p><p>(h) Le locataire accepte explicitement que \u00ab e-rentacar \u00bb n&#039;est pas responsable des dommages positifs ou indirects subis par le locataire ou par des tiers pendant la p\u00e9riode de location et qu&#039;aucune r\u00e9clamation ne peut \u00eatre formul\u00e9e contre la soci\u00e9t\u00e9 pour les raisons ci-dessus.<\/p><p>(i) Dans des cas particuliers, &#039;e-rentacar&#039; se r\u00e9serve le droit de remplacer chaque type de voiture\/moto par un autre de la m\u00eame cat\u00e9gorie ou sup\u00e9rieure.<\/p><p>S&#039;IL Y A UN POINT DE PRISE EN CHARGE ET DE D\u00c9POSE DIFF\u00c9RENT POUR UNE P\u00c9RIODE DE MOINS DE 3 JOURS, VOUS DEVEZ NOUS DEMANDER LE CO\u00dbT SUPPL\u00c9MENTAIRE ??<\/p><p>RAMASSAGE OU D\u00c9P\u00d4T \u00c0 PLOMARI, AGIOS ISIDOROS MOLYBOS, PETRA, ANAXOS, EFTALOU, ERESSOS, SIGRI VATERA, POLICHNITOS, SKALA SIKAMINEAS, AGIASOS, MANTAMADOS, PAPADOS, PERAMA, PIRGI THERMIS OU UN AUTRE ENDROIT POUR UNE P\u00c9RIODE DE MOINS DE 5 JOURS VOUS DEVEZ PAYER UN CO\u00dbT SUPPL\u00c9MENTAIRE DE 20 EUROS PLUS 0,20 PAR KILOM\u00c8TRE<\/p><p><strong><u>CONDITIONS DE R\u00c9SERVATION<\/u><\/strong><br \/><strong>AUCUNE R\u00c9SERVATION NE PEUT \u00caTRE FAITE SANS PAIEMENT<\/strong>.<\/p><p>Les conditions et les prix peuvent \u00eatre modifi\u00e9s sans pr\u00e9avis.<\/p>\t\t\t\t\t\t\t\t<\/div>\n\t\t\t\t<\/div>\n\t\t\t\t\t<\/div>\n\t\t\t\t<\/div>\n\t\t<div class=\"elementor-element elementor-element-8073d93 e-flex e-con-boxed e-con e-parent\" data-id=\"8073d93\" data-element_type=\"container\" data-settings=\"{&quot;background_background&quot;:&quot;gradient&quot;}\">\n\t\t\t\t\t<div class=\"e-con-inner\">\n\t\t<div class=\"elementor-element elementor-element-b58ff41 e-con-full e-flex e-con e-child\" data-id=\"b58ff41\" data-element_type=\"container\" data-settings=\"{&quot;background_background&quot;:&quot;classic&quot;}\">\n\t\t\t\t<div class=\"elementor-element elementor-element-eacc391 elementor-widget elementor-widget-heading\" data-id=\"eacc391\" data-element_type=\"widget\" data-widget_type=\"heading.default\">\n\t\t\t\t<div class=\"elementor-widget-container\">\n\t\t\t\t\t<h2 class=\"elementor-heading-title elementor-size-default\">\u260f Hotline : +306907319494\n<\/h2>\t\t\t\t<\/div>\n\t\t\t\t<\/div>\n\t\t\t\t<div class=\"elementor-element elementor-element-bfcacf0 elementor-widget-divider--view-line elementor-widget elementor-widget-divider\" data-id=\"bfcacf0\" data-element_type=\"widget\" data-widget_type=\"divider.default\">\n\t\t\t\t<div class=\"elementor-widget-container\">\n\t\t\t\t\t\t\t<div class=\"elementor-divider\">\n\t\t\t<span class=\"elementor-divider-separator\">\n\t\t\t\t\t\t<\/span>\n\t\t<\/div>\n\t\t\t\t\t\t<\/div>\n\t\t\t\t<\/div>\n\t\t\t\t<div class=\"elementor-element elementor-element-92737d1 elementor-align-center elementor-mobile-align-center elementor-widget elementor-widget-button\" data-id=\"92737d1\" data-element_type=\"widget\" data-widget_type=\"button.default\">\n\t\t\t\t<div class=\"elementor-widget-container\">\n\t\t\t\t\t\t\t\t\t<div class=\"elementor-button-wrapper\">\n\t\t\t\t\t<a class=\"elementor-button elementor-button-link elementor-size-md\" href=\"https:\/\/myrentacar.gr\/fr\">\n\t\t\t\t\t\t<span class=\"elementor-button-content-wrapper\">\n\t\t\t\t\t\t<span class=\"elementor-button-icon\">\n\t\t\t\t<svg aria-hidden=\"true\" class=\"e-font-icon-svg e-far-calendar-check\" viewbox=\"0 0 448 512\" xmlns=\"http:\/\/www.w3.org\/2000\/svg\"><path d=\"M400 64h-48V12c0-6.627-5.373-12-12-12h-40c-6.627 0-12 5.373-12 12v52H160V12c0-6.627-5.373-12-12-12h-40c-6.627 0-12 5.373-12 12v52H48C21.49 64 0 85.49 0 112v352c0 26.51 21.49 48 48 48h352c26.51 0 48-21.49 48-48V112c0-26.51-21.49-48-48-48zm-6 400H54a6 6 0 0 1-6-6V160h352v298a6 6 0 0 1-6 6zm-52.849-200.65L198.842 404.519c-4.705 4.667-12.303 4.637-16.971-.068l-75.091-75.699c-4.667-4.705-4.637-12.303.068-16.971l22.719-22.536c4.705-4.667 12.303-4.637 16.97.069l44.104 44.461 111.072-110.181c4.705-4.667 12.303-4.637 16.971.068l22.536 22.718c4.667 4.705 4.636 12.303-.069 16.97z\"><\/path><\/svg>\t\t\t<\/span>\n\t\t\t\t\t\t\t\t\t<span class=\"elementor-button-text\">R\u00e9servez maintenant<\/span>\n\t\t\t\t\t<\/span>\n\t\t\t\t\t<\/a>\n\t\t\t\t<\/div>\n\t\t\t\t\t\t\t\t<\/div>\n\t\t\t\t<\/div>\n\t\t\t\t<\/div>\n\t\t\t\t\t<\/div>\n\t\t\t\t<\/div>\n\t\t\t\t<\/div>","protected":false},"excerpt":{"rendered":"<p>CAR RENTAL TERMS &#038; CONDITIONS With this agreement the Company My Rent a Car, the undersigned tenant leases the car shown in the present (including any car that replaces it) under the following terms and agreements, including those listed on the front side, of which fully accepts the tenant. The Lessee has received the car [&hellip;]<\/p>","protected":false},"author":1,"featured_media":0,"parent":0,"menu_order":0,"comment_status":"closed","ping_status":"closed","template":"","meta":{"site-sidebar-layout":"no-sidebar","site-content-layout":"page-builder","ast-site-content-layout":"full-width-container","site-content-style":"unboxed","site-sidebar-style":"unboxed","ast-global-header-display":"","ast-banner-title-visibility":"","ast-main-header-display":"","ast-hfb-above-header-display":"","ast-hfb-below-header-display":"","ast-hfb-mobile-header-display":"","site-post-title":"disabled","ast-breadcrumbs-content":"","ast-featured-img":"disabled","footer-sml-layout":"","ast-disable-related-posts":"","theme-transparent-header-meta":"enabled","adv-header-id-meta":"","stick-header-meta":"","header-above-stick-meta":"","header-main-stick-meta":"","header-below-stick-meta":"","astra-migrate-meta-layouts":"set","ast-page-background-enabled":"default","ast-page-background-meta":{"desktop":{"background-color":"","background-image":"","background-repeat":"repeat","background-position":"center center","background-size":"auto","background-attachment":"scroll","background-type":"","background-media":"","overlay-type":"","overlay-color":"","overlay-opacity":"","overlay-gradient":""},"tablet":{"background-color":"","background-image":"","background-repeat":"repeat","background-position":"center center","background-size":"auto","background-attachment":"scroll","background-type":"","background-media":"","overlay-type":"","overlay-color":"","overlay-opacity":"","overlay-gradient":""},"mobile":{"background-color":"","background-image":"","background-repeat":"repeat","background-position":"center center","background-size":"auto","background-attachment":"scroll","background-type":"","background-media":"","overlay-type":"","overlay-color":"","overlay-opacity":"","overlay-gradient":""}},"ast-content-background-meta":{"desktop":{"background-color":"var(--ast-global-color-5)","background-image":"","background-repeat":"repeat","background-position":"center center","background-size":"auto","background-attachment":"scroll","background-type":"","background-media":"","overlay-type":"","overlay-color":"","overlay-opacity":"","overlay-gradient":""},"tablet":{"background-color":"var(--ast-global-color-5)","background-image":"","background-repeat":"repeat","background-position":"center center","background-size":"auto","background-attachment":"scroll","background-type":"","background-media":"","overlay-type":"","overlay-color":"","overlay-opacity":"","overlay-gradient":""},"mobile":{"background-color":"var(--ast-global-color-5)","background-image":"","background-repeat":"repeat","background-position":"center center","background-size":"auto","background-attachment":"scroll","background-type":"","background-media":"","overlay-type":"","overlay-color":"","overlay-opacity":"","overlay-gradient":""}},"footnotes":""},"class_list":["post-17695","page","type-page","status-publish","hentry"],"_links":{"self":[{"href":"https:\/\/myrentacar.gr\/fr\/wp-json\/wp\/v2\/pages\/17695","targetHints":{"allow":["GET"]}}],"collection":[{"href":"https:\/\/myrentacar.gr\/fr\/wp-json\/wp\/v2\/pages"}],"about":[{"href":"https:\/\/myrentacar.gr\/fr\/wp-json\/wp\/v2\/types\/page"}],"author":[{"embeddable":true,"href":"https:\/\/myrentacar.gr\/fr\/wp-json\/wp\/v2\/users\/1"}],"replies":[{"embeddable":true,"href":"https:\/\/myrentacar.gr\/fr\/wp-json\/wp\/v2\/comments?post=17695"}],"version-history":[{"count":14,"href":"https:\/\/myrentacar.gr\/fr\/wp-json\/wp\/v2\/pages\/17695\/revisions"}],"predecessor-version":[{"id":17910,"href":"https:\/\/myrentacar.gr\/fr\/wp-json\/wp\/v2\/pages\/17695\/revisions\/17910"}],"wp:attachment":[{"href":"https:\/\/myrentacar.gr\/fr\/wp-json\/wp\/v2\/media?parent=17695"}],"curies":[{"name":"wp","href":"https:\/\/api.w.org\/{rel}","templated":true}]}}