{"id":230,"date":"2025-03-13T14:34:49","date_gmt":"2025-03-13T14:34:49","guid":{"rendered":"https:\/\/myrentacar.gr\/our-staff\/"},"modified":"2025-06-21T10:58:09","modified_gmt":"2025-06-21T10:58:09","slug":"our-staff","status":"publish","type":"page","link":"https:\/\/myrentacar.gr\/fr\/our-staff\/","title":{"rendered":"\u00c0 propos de nous"},"content":{"rendered":"<div data-elementor-type=\"wp-post\" data-elementor-id=\"230\" class=\"elementor elementor-230\" data-elementor-post-type=\"page\">\n\t\t\t\t<div class=\"elementor-element elementor-element-2c4fdd7 e-flex e-con-boxed e-con e-parent\" data-id=\"2c4fdd7\" data-element_type=\"container\" data-settings=\"{&quot;background_background&quot;:&quot;classic&quot;}\">\n\t\t\t\t\t<div class=\"e-con-inner\">\n\t\t<div class=\"elementor-element elementor-element-e319c7a e-con-full e-flex e-con e-child\" data-id=\"e319c7a\" data-element_type=\"container\">\n\t\t\t\t<div class=\"elementor-element elementor-element-18cc39a elementor-widget elementor-widget-heading\" data-id=\"18cc39a\" data-element_type=\"widget\" data-widget_type=\"heading.default\">\n\t\t\t\t<div class=\"elementor-widget-container\">\n\t\t\t\t\t<h6 class=\"elementor-heading-title elementor-size-default\">NOTRE PERSONNEL<\/h6>\t\t\t\t<\/div>\n\t\t\t\t<\/div>\n\t\t\t\t<div class=\"elementor-element elementor-element-3d7a8b8 elementor-widget elementor-widget-heading\" data-id=\"3d7a8b8\" data-element_type=\"widget\" data-widget_type=\"heading.default\">\n\t\t\t\t<div class=\"elementor-widget-container\">\n\t\t\t\t\t<h1 class=\"elementor-heading-title elementor-size-default\">\u00c0 propos de nous <\/h1>\t\t\t\t<\/div>\n\t\t\t\t<\/div>\n\t\t\t\t<div class=\"elementor-element elementor-element-688f409 elementor-widget-divider--view-line elementor-widget elementor-widget-divider\" data-id=\"688f409\" data-element_type=\"widget\" data-widget_type=\"divider.default\">\n\t\t\t\t<div class=\"elementor-widget-container\">\n\t\t\t\t\t\t\t<div class=\"elementor-divider\">\n\t\t\t<span class=\"elementor-divider-separator\">\n\t\t\t\t\t\t<\/span>\n\t\t<\/div>\n\t\t\t\t\t\t<\/div>\n\t\t\t\t<\/div>\n\t\t\t\t<div class=\"elementor-element elementor-element-585fdc1 elementor-widget elementor-widget-text-editor\" data-id=\"585fdc1\" data-element_type=\"widget\" data-widget_type=\"text-editor.default\">\n\t\t\t\t<div class=\"elementor-widget-container\">\n\t\t\t\t\t\t\t\t\t<p>Nous sommes une soci\u00e9t\u00e9 de location locale dont le si\u00e8ge social est \u00e0 KALLONI LESVOS. locations partout.ELPINIKI RENT A CAR OU A MOTORBIKE LIVRENT DES LOCATIONS \u00c0 PLOMARI AGIOS ISIDOROS MITILINI AIRPORT MITILINI PORT MOLYBOS PETRA ANAXOS EFTALOU ERESSOS SIGRI VATERA SKALA KALLONIS ET PARTOUT SUR L&#039;\u00ceLE DE LESVOS.<\/p>\t\t\t\t\t\t\t\t<\/div>\n\t\t\t\t<\/div>\n\t\t\t\t<\/div>\n\t\t\t\t\t<\/div>\n\t\t\t\t<\/div>\n\t\t<div class=\"elementor-element elementor-element-0abafae e-flex e-con-boxed e-con e-parent\" data-id=\"0abafae\" data-element_type=\"container\">\n\t\t\t\t\t<div class=\"e-con-inner\">\n\t\t\t\t<div class=\"elementor-element elementor-element-fb28c0e elementor-widget elementor-widget-text-editor\" data-id=\"fb28c0e\" data-element_type=\"widget\" data-widget_type=\"text-editor.default\">\n\t\t\t\t<div class=\"elementor-widget-container\">\n\t\t\t\t\t\t\t\t\t<p>Notre exp\u00e9rience dans ce service remonte \u00e0 1986 et notre devise est de fournir des services excellents et rapides.<br \/>Nous disposons d&#039;une gamme de v\u00e9hicules pouvant r\u00e9pondre \u00e0 vos besoins.<br \/>Sur notre page Web e-rentacar.gr, vous pouvez consulter nos services et produits.<br \/>Vous pouvez \u00e9galement r\u00e9server en ligne. Notre personnel qualifi\u00e9 est toujours \u00e0 votre disposition pour vous satisfaire.<br \/>En plus de la location de base d&#039;un v\u00e9hicule, la location de voiture ELPINIKI propose \u00e9galement des produits suppl\u00e9mentaires tels que l&#039;assurance, les syst\u00e8mes de navigation GPS (Global Positioning System), les syst\u00e8mes de divertissement, les t\u00e9l\u00e9phones portables, le WiFi portable et les si\u00e8ges de s\u00e9curit\u00e9 pour enfants.<br \/>ELPINIKI CAR HIRE vous donne la libert\u00e9 d&#039;aller o\u00f9 vous voulez, quand vous le souhaitez dans une voiture bien entretenue, entretenue et confortable qui correspond \u00e0 vos normes de voyage<br \/>AVANTAGE<br \/>L&#039;avantage d&#039;utiliser ELPINIKI CAR HIRE est qu&#039;il n&#039;y a pas de frais cach\u00e9s, pas de frais de r\u00e9servation, ni de suppl\u00e9ments impr\u00e9vus qui s&#039;ajoutent au prix au moment o\u00f9 vous vous y attendez le moins. Si vous choisissez une voiture pour une location quotidienne, elle devrait \u00eatre propos\u00e9e avec le kilom\u00e9trage illimit\u00e9 et le carburant est \u00e0 votre charge.<br \/>M\u00e9fiez-vous des entreprises qui facturent des frais kilom\u00e9triques suppl\u00e9mentaires, car cela peut rapidement faire grimper le prix bien au-del\u00e0 de ce qui \u00e9tait pr\u00e9vu. L&#039;avantage de louer une voiture avec ELPINIKI est que vous pouvez r\u00e9gler l&#039;int\u00e9gralit\u00e9 du paiement en ligne \u00e0 l&#039;avance ou verser un acompte. Le solde peut ensuite \u00eatre r\u00e9gl\u00e9 sur place \u00e0 votre arriv\u00e9e, ce qui est toujours un avantage une fois que vous \u00eates s\u00fbr que le v\u00e9hicule correspond \u00e0 votre r\u00e9servation. Vous pouvez louer tout type de v\u00e9hicule via ELPINIKI RENTALS\u00a0: motos d&#039;enduro, double usage ou aventure, motos urbaines, routi\u00e8res ou sportives, motos de route, cruiser ou de tourisme. Nous avons tout ce qu&#039;il vous faut\u00a0: notre flotte de location de motos ELPINIKI \u00e0 LESBOS est compos\u00e9e de motos \u00e0 prix abordables et disponibles \u00e0 des tarifs avantageux. Nous proposons \u00e9galement la location de tout type d&#039;\u00e9quipements, d&#039;accessoires et d&#039;\u00e9quipements moto professionnels pour rendre votre aventure moto s\u00fbre et agr\u00e9able.<br \/>Location de scooters et cyclomoteurs Elpiniki \u00e0 Lesbos<br \/>* Livraison gratuite<br \/>* Kilom\u00e9trage illimit\u00e9<br \/>* ASSISTANCE ROUTI\u00c8RE 24H\/24 ET 7J\/7<br \/>* LES MEILLEURS PRIX \u00c0 LESBOS<br \/>* AUCUN FRAIS D&#039;INTERM\u00c9DIAIRE<br \/>* LA MEILLEURE FA\u00c7ON D&#039;EXPLORER LA BEAUT\u00c9 DE LESBOS<br \/>* LA MEILLEURE FA\u00c7ON D&#039;OBSERVER LES OISEAUX \u00c0 SKALA KALLONIS<br \/>ELPINIKI RENT A CAR LESVOS.OFFRES SP\u00c9CIALES VOITURES NEUVES.LESVOS LOCATION DE VOITURES ELPINIKI R\u00c9SERVEZ EN LIGNE ET \u00c9CONOMISEZ DU TEMPS ET DE L&#039;ARGENT.<\/p><p>Services de conciergerie \u00e0 Lesbos\u00a0<\/p>\t\t\t\t\t\t\t\t<\/div>\n\t\t\t\t<\/div>\n\t\t\t\t\t<\/div>\n\t\t\t\t<\/div>\n\t\t\t\t<\/div>","protected":false},"excerpt":{"rendered":"<p>OUR STAFF About us We are a local rental company with its head office in KALLONI LESVOS. rentals all over .ELPINIKI RENT A CAR OR A MOTORBIKE DELIVER RENTALS AT PLOMARI AGIOS ISIDOROS MITILINI AIRPORT MITILINI PORT MOLYBOS PETRA ANAXOS EFTALOU ERESSOS SIGRI VATERA SKALA KALLONIS AND ALL OVER THE ISLAND OF LESVOS. Our experience [&hellip;]<\/p>","protected":false},"author":1,"featured_media":0,"parent":0,"menu_order":0,"comment_status":"closed","ping_status":"closed","template":"","meta":{"site-sidebar-layout":"no-sidebar","site-content-layout":"page-builder","ast-site-content-layout":"full-width-container","site-content-style":"unboxed","site-sidebar-style":"unboxed","ast-global-header-display":"","ast-banner-title-visibility":"","ast-main-header-display":"","ast-hfb-above-header-display":"","ast-hfb-below-header-display":"","ast-hfb-mobile-header-display":"","site-post-title":"disabled","ast-breadcrumbs-content":"","ast-featured-img":"disabled","footer-sml-layout":"","ast-disable-related-posts":"","theme-transparent-header-meta":"enabled","adv-header-id-meta":"","stick-header-meta":"","header-above-stick-meta":"","header-main-stick-meta":"","header-below-stick-meta":"","astra-migrate-meta-layouts":"set","ast-page-background-enabled":"default","ast-page-background-meta":{"desktop":{"background-color":"","background-image":"","background-repeat":"repeat","background-position":"center center","background-size":"auto","background-attachment":"scroll","background-type":"","background-media":"","overlay-type":"","overlay-color":"","overlay-opacity":"","overlay-gradient":""},"tablet":{"background-color":"","background-image":"","background-repeat":"repeat","background-position":"center center","background-size":"auto","background-attachment":"scroll","background-type":"","background-media":"","overlay-type":"","overlay-color":"","overlay-opacity":"","overlay-gradient":""},"mobile":{"background-color":"","background-image":"","background-repeat":"repeat","background-position":"center center","background-size":"auto","background-attachment":"scroll","background-type":"","background-media":"","overlay-type":"","overlay-color":"","overlay-opacity":"","overlay-gradient":""}},"ast-content-background-meta":{"desktop":{"background-color":"var(--ast-global-color-5)","background-image":"","background-repeat":"repeat","background-position":"center center","background-size":"auto","background-attachment":"scroll","background-type":"","background-media":"","overlay-type":"","overlay-color":"","overlay-opacity":"","overlay-gradient":""},"tablet":{"background-color":"var(--ast-global-color-5)","background-image":"","background-repeat":"repeat","background-position":"center center","background-size":"auto","background-attachment":"scroll","background-type":"","background-media":"","overlay-type":"","overlay-color":"","overlay-opacity":"","overlay-gradient":""},"mobile":{"background-color":"var(--ast-global-color-5)","background-image":"","background-repeat":"repeat","background-position":"center center","background-size":"auto","background-attachment":"scroll","background-type":"","background-media":"","overlay-type":"","overlay-color":"","overlay-opacity":"","overlay-gradient":""}},"footnotes":""},"class_list":["post-230","page","type-page","status-publish","hentry"],"_links":{"self":[{"href":"https:\/\/myrentacar.gr\/fr\/wp-json\/wp\/v2\/pages\/230","targetHints":{"allow":["GET"]}}],"collection":[{"href":"https:\/\/myrentacar.gr\/fr\/wp-json\/wp\/v2\/pages"}],"about":[{"href":"https:\/\/myrentacar.gr\/fr\/wp-json\/wp\/v2\/types\/page"}],"author":[{"embeddable":true,"href":"https:\/\/myrentacar.gr\/fr\/wp-json\/wp\/v2\/users\/1"}],"replies":[{"embeddable":true,"href":"https:\/\/myrentacar.gr\/fr\/wp-json\/wp\/v2\/comments?post=230"}],"version-history":[{"count":10,"href":"https:\/\/myrentacar.gr\/fr\/wp-json\/wp\/v2\/pages\/230\/revisions"}],"predecessor-version":[{"id":18289,"href":"https:\/\/myrentacar.gr\/fr\/wp-json\/wp\/v2\/pages\/230\/revisions\/18289"}],"wp:attachment":[{"href":"https:\/\/myrentacar.gr\/fr\/wp-json\/wp\/v2\/media?parent=230"}],"curies":[{"name":"wp","href":"https:\/\/api.w.org\/{rel}","templated":true}]}}