{"id":17695,"date":"2025-05-08T18:13:01","date_gmt":"2025-05-08T18:13:01","guid":{"rendered":"https:\/\/myrentacar.gr\/?page_id=17695"},"modified":"2025-05-26T14:22:35","modified_gmt":"2025-05-26T14:22:35","slug":"locations","status":"publish","type":"page","link":"https:\/\/myrentacar.gr\/tr\/locations\/","title":{"rendered":"ARA\u00c7 K\u0130RALAMA \u015eARTLARI VE KO\u015eULLARI"},"content":{"rendered":"<div data-elementor-type=\"wp-post\" data-elementor-id=\"17695\" class=\"elementor elementor-17695\" data-elementor-post-type=\"page\">\n\t\t\t\t<div class=\"elementor-element elementor-element-6b2d6fe e-flex e-con-boxed e-con e-parent\" data-id=\"6b2d6fe\" data-element_type=\"container\" data-settings=\"{&quot;background_background&quot;:&quot;classic&quot;}\">\n\t\t\t\t\t<div class=\"e-con-inner\">\n\t\t<div class=\"elementor-element elementor-element-98d4ecd e-con-full e-flex e-con e-child\" data-id=\"98d4ecd\" data-element_type=\"container\">\n\t\t\t\t<div class=\"elementor-element elementor-element-7069fc4 elementor-widget elementor-widget-heading\" data-id=\"7069fc4\" data-element_type=\"widget\" data-widget_type=\"heading.default\">\n\t\t\t\t<div class=\"elementor-widget-container\">\n\t\t\t\t\t<h1 class=\"elementor-heading-title elementor-size-default\">ARA\u00c7 K\u0130RALAMA \u015eARTLARI VE KO\u015eULLARI<\/h1>\t\t\t\t<\/div>\n\t\t\t\t<\/div>\n\t\t\t\t<div class=\"elementor-element elementor-element-eb43c4a elementor-widget-divider--view-line elementor-widget elementor-widget-divider\" data-id=\"eb43c4a\" data-element_type=\"widget\" data-widget_type=\"divider.default\">\n\t\t\t\t<div class=\"elementor-widget-container\">\n\t\t\t\t\t\t\t<div class=\"elementor-divider\">\n\t\t\t<span class=\"elementor-divider-separator\">\n\t\t\t\t\t\t<\/span>\n\t\t<\/div>\n\t\t\t\t\t\t<\/div>\n\t\t\t\t<\/div>\n\t\t\t\t<\/div>\n\t\t\t\t\t<\/div>\n\t\t\t\t<\/div>\n\t\t<div class=\"elementor-element elementor-element-7346f37 e-flex e-con-boxed e-con e-parent\" data-id=\"7346f37\" data-element_type=\"container\">\n\t\t\t\t\t<div class=\"e-con-inner\">\n\t\t\t\t<div class=\"elementor-element elementor-element-ab9456c elementor-widget elementor-widget-text-editor\" data-id=\"ab9456c\" data-element_type=\"widget\" data-widget_type=\"text-editor.default\">\n\t\t\t\t<div class=\"elementor-widget-container\">\n\t\t\t\t\t\t\t\t\t<p data-pm-slice=\"1 1 []\">\u0130\u015fbu s\u00f6zle\u015fme ile My Rent a Car \u015eirketi, a\u015fa\u011f\u0131da imzas\u0131 bulunan kirac\u0131, \u00f6n y\u00fcz\u00fcnde listelenenler de dahil olmak \u00fczere, a\u015fa\u011f\u0131da belirtilen \u015fartlar ve s\u00f6zle\u015fmeler uyar\u0131nca, i\u015fbu s\u00f6zle\u015fmede g\u00f6sterilen arac\u0131 (yerine ge\u00e7ecek herhangi bir ara\u00e7 dahil) kiralar ve kirac\u0131 bunlar\u0131 tamamen kabul eder.<\/p><p>Kirac\u0131, arad\u0131\u011f\u0131 arac\u0131, kiralama amac\u0131na uygun, kusursuz durumda ve kullan\u0131ma haz\u0131r olarak teslim alm\u0131\u015ft\u0131r. Kirac\u0131, arac\u0131 ve beraberindeki t\u00fcm formlar\u0131, aletleri ve aksesuarlar\u0131 (stepne, kriko, aletler, eczane, yang\u0131n s\u00f6nd\u00fcr\u00fcc\u00fc, \u00fc\u00e7gen, anten) teslim ald\u0131\u011f\u0131 anda ve belirlenen zamanda ve yerde My Rent a Car&#039;a iade etmekle y\u00fck\u00fcml\u00fcd\u00fcr. Aksi takdirde, kararla\u015ft\u0131r\u0131lan s\u00fcrenin iade edilmesinden sonra, kirac\u0131 My Rent a Car&#039;a kullan\u0131m tazminat\u0131 ve her t\u00fcrl\u00fc olumlu ve olumsuz kay\u0131p i\u00e7in d\u00fczenli \u00fccret \u00f6demek zorundad\u0131r. Arac\u0131n kararla\u015ft\u0131r\u0131lan teslim saatinden 90 dakika sonra, kirac\u0131ya bir (1) g\u00fcnl\u00fck ek kiralama \u00fccreti yans\u0131t\u0131l\u0131r. My Rent a Car, \u00e7al\u0131\u015fan\u0131n izni ve bildirimi olmaks\u0131z\u0131n, istedi\u011fi zaman arac\u0131 geri alma ve kullanma hakk\u0131na sahiptir; ancak bu maliyet, kriz durumunda, arac\u0131n hasar g\u00f6rmesi veya kaybolmas\u0131 riski ve hasarlar\u0131n geri al\u0131namamas\u0131 riski olmad\u0131\u011f\u0131 s\u00fcrece, her yerden ve her t\u00fcrl\u00fc yolla \u00f6denir. My Rent a Car, bu s\u00f6zle\u015fmenin veya belirtilen kiralama s\u00fcresinin \u015fartlar\u0131na ayk\u0131r\u0131 kullan\u0131lmas\u0131 veya kullan\u0131lmas\u0131 halinde, yukar\u0131daki davaya ek olarak arac\u0131n m\u00fclkiyetini ve kullan\u0131m\u0131n\u0131 geri alma hakk\u0131na sahiptir.<\/p><p>Kira s\u00f6zle\u015fmesi s\u00fcresince, kirac\u0131 ve bu s\u00f6zle\u015fmeyi imzalayan herhangi bir ki\u015fi, kullan\u0131lm\u0131\u015f arac\u0131 bu amaca uygun ve eksiksiz bir \u015fekilde kullanmak, mekanik durumunu, ya\u011f, su vb. s\u0131z\u0131nt\u0131 olup olmad\u0131\u011f\u0131n\u0131, lastiklerin durumunu ve trafik g\u00fcvenli\u011fini kontrol etmek, arac\u0131 kilitlemek ve g\u00fcvenlik sistemlerini kullanmaya devam etmek ve genel olarak h\u0131rs\u0131zl\u0131k veya de\u011fer kayb\u0131n\u0131 \u00f6nlemek i\u00e7in \u00f6nlemler almakla y\u00fck\u00fcml\u00fcd\u00fcr. Kirac\u0131, kiral\u0131k arac\u0131 uzatmak isterse, yaz\u0131l\u0131 bir izin almak i\u00e7in, kiralama s\u00fcresinin bitiminden 24 saat \u00f6nce My Rent a Car&#039;a yaz\u0131l\u0131 olarak bildirimde bulunmal\u0131d\u0131r. Bu s\u00fcreyi uzatmamas\u0131 halinde, arac\u0131n yasad\u0131\u015f\u0131 kullan\u0131m\u0131 ve bulundurulmas\u0131 nedeniyle hukuki ve cezai sorumluluk do\u011far.<\/p><p>Kirac\u0131, KOK&#039;un ve Trafik Polisi&#039;nin di\u011fer h\u00fck\u00fcmlerinin y\u00fcr\u00fcrl\u00fckteki h\u00fck\u00fcmlerine uymak zorundad\u0131r. KOK ihlalleri nedeniyle verilen cezalar ve para cezas\u0131 yaln\u0131zca kirac\u0131y\u0131 ilgilendirir.<\/p><p>Kirac\u0131ya, arac\u0131 a\u015fa\u011f\u0131daki ama\u00e7larla kullanmas\u0131 a\u00e7\u0131k\u00e7a yasaklanm\u0131\u015ft\u0131r: a) A\u011f\u0131r e\u015fya ve bagaj ta\u015f\u0131mak, b) Pazarlama izni belgesinde belirtilenden fazla ki\u015fi ta\u015f\u0131mak, c) \u00dc\u00e7\u00fcnc\u00fc ki\u015filere kiralamak, d) Motorlu ta\u015f\u0131t yar\u0131\u015flar\u0131na kat\u0131lmak veya uymak, e) Kira s\u00f6zle\u015fmelerinde yer almayan ba\u015fkalar\u0131n\u0131 y\u00f6netmek.<\/p><p>Kaza veya ba\u015fka bir olay (yang\u0131n, h\u0131rs\u0131zl\u0131k vb.) durumunda kirac\u0131 veya ek s\u00fcr\u00fcc\u00fc do\u011frudan a\u015fa\u011f\u0131dakileri yapmakla y\u00fck\u00fcml\u00fcd\u00fcr: a) Hi\u00e7bir \u015fekilde, do\u011frudan veya dolayl\u0131 olarak, \u00fc\u00e7\u00fcnc\u00fc \u015fah\u0131slar\u0131n kusurunu veya su\u00e7lulu\u011funu ve iddialar\u0131n\u0131 beyan etmemek, b) Herhangi bir ara\u00e7 \u00e7arp\u0131\u015fmas\u0131nda tan\u0131klar\u0131n adlar\u0131n\u0131 ve adreslerini, s\u00fcr\u00fcc\u00fcn\u00fcn ad\u0131n\u0131 ve adresini ve arac\u0131n ayr\u0131nt\u0131lar\u0131n\u0131 yapmak, c) \u00dc\u00e7\u00fcnc\u00fc \u015fahs\u0131n kusurunu bulmak ve mevcut yaralanmalar\u0131 tedavi etmek i\u00e7in polise haber vermek, d) My Rent a Car&#039;da telefon veya di\u011fer yollarla derhal aranmak tel. +30 2253023000, cep. +30 6981765808 e) Herhangi bir \u00fc\u00e7\u00fcnc\u00fc \u015fah\u0131stan herhangi bir bilgi toplamak, f) M\u00fcmk\u00fcnse kaza mahallini ve kazaya kar\u0131\u015fan ara\u00e7lar\u0131 foto\u011fraflamak.<\/p><p>Kirac\u0131, kaza\/h\u0131rs\u0131zl\u0131k bildirimini 24 saat i\u00e7inde My Rent a Car ma\u011fazas\u0131nda doldurup imzalamal\u0131 ve kazaya ili\u015fkin belge veya bilgileri teslim etmelidir. Arac\u0131n \u00e7al\u0131nmas\u0131 veya kaybolmas\u0131 durumunda, kirac\u0131 24 saat i\u00e7inde en yak\u0131n polis karakoluna ba\u015fvurarak durumu bildirmelidir.<\/p><p>Ara\u00e7, yaln\u0131zca kirac\u0131ya ve bu S\u00f6zle\u015fmede belirtilen ek bir s\u00fcr\u00fcc\u00fcye teslim edilebilir. Her iki s\u00fcr\u00fcc\u00fcn\u00fcn de en az 23 ya\u015f\u0131nda olmas\u0131 ve en az bir y\u0131l ge\u00e7erli Yunan veya uluslararas\u0131 ehliyete sahip olmas\u0131 gerekmektedir.<\/p><p>Kirac\u0131ya yans\u0131t\u0131lan benzin bedeli. Sadece kur\u015funsuz benzin kullan\u0131n.<\/p><p>My Rent a Car taraf\u0131ndan sa\u011flanan ara\u00e7lar\u0131n d\u00fczenli bak\u0131m\u0131. Ar\u0131za durumunda kirac\u0131n\u0131n arac\u0131 tamir etmesi yasakt\u0131r. Ara\u00e7 lastikleri, a\u015f\u0131nma ve y\u0131pranma nedeniyle d\u00fczenli aral\u0131klarla de\u011fi\u015ftirilir. Arac\u0131n k\u00f6t\u00fc kullan\u0131m\u0131ndan kaynaklanan hasarlar (y\u0131pranm\u0131\u015f lastik kaplamalar\u0131 ve \u00e7ukurlar dahil) kirac\u0131ya aittir. Patlak lastikler sizin sorumlulu\u011funuzdad\u0131r.<\/p><p>Kiralayan \u015firketin \u00f6nceden yaz\u0131l\u0131 onay\u0131 olmadan arac\u0131n gemiye y\u00fcklenmesi yasakt\u0131r. Bu durumlarda \u00f6zel sigorta teminat\u0131 i\u00e7in \u00fccret al\u0131n\u0131r.<\/p><p>Arac\u0131n Yunanistan&#039;dan ayr\u0131lmas\u0131 yasakt\u0131r. Yan\u0131c\u0131 maddeler, kirletici maddeler, uyu\u015fturucu maddeler ve bu S\u00f6zle\u015fme kapsam\u0131ndaki di\u011fer maddeleri ta\u015f\u0131mak ve arac\u0131 yasad\u0131\u015f\u0131 veya su\u00e7 te\u015fkil eden bir eylemde bulunmak i\u00e7in bir ara\u00e7 olarak kullanmak yasakt\u0131r. Bu ko\u015fulun ihlali ve ortaya \u00e7\u0131kan zarar\u0131n kirac\u0131 rehberi taraf\u0131ndan kar\u015f\u0131lanmas\u0131 yasakt\u0131r.<\/p><p>My Rent a Car, kirac\u0131n\u0131n ve kiralanan ara\u00e7ta bulunanlar\u0131n kira s\u00fcresi boyunca u\u011frad\u0131klar\u0131 ki\u015fisel e\u015fyalar\u0131n kayb\u0131ndan sorumlu de\u011fildir. Kirac\u0131, My Rent a Car&#039;\u0131n, kirac\u0131 veya \u00fc\u00e7\u00fcnc\u00fc \u015fah\u0131slar\u0131n kira s\u00fcresi boyunca u\u011frayabilece\u011fi herhangi bir hasar veya kay\u0131ptan sorumlu olmad\u0131\u011f\u0131n\u0131 ve yukar\u0131da belirtilen sebeplerden dolay\u0131 My Rent a Car&#039;a kar\u015f\u0131 herhangi bir dava a\u00e7\u0131lamayaca\u011f\u0131n\u0131 a\u00e7\u0131k\u00e7a kabul eder.<\/p><p>Kirac\u0131, My Rent a Car taraf\u0131ndan tutulan bu elektronik dosyaya ayr\u0131nt\u0131l\u0131 ki\u015fisel bilgilerin girilmesine izin verir. Kirac\u0131, kira s\u00f6zle\u015fmesi s\u00fcresince yanl\u0131\u015f beyanda bulunursa veya bu s\u00f6zle\u015fmenin \u015fartlar\u0131n\u0131 ihlal ederse, My Rent a Car&#039;\u0131n bu verileri kullanma ve fesih \u015f\u00fcphesi veya ba\u015fka bir su\u00e7 te\u015fkil etmesi halinde bu bilgileri yetkililere iletme hakk\u0131na sahip oldu\u011fu a\u00e7\u0131k\u00e7a kabul edilir.<\/p><p>Evcil Hayvanlar: Evcil hayvanlara izin verilmemektedir.<\/p><p>Rezervasyonlar: Araba veya motosiklet rezervasyonu yapmak i\u00e7in kiralama \u00fccretinin pe\u015fin \u00f6denmesi gerekmektedir. Nakit veya kredi\/banka kart\u0131 ile \u00f6n \u00f6deme yap\u0131lmas\u0131 zorunludur. \u00d6deme yap\u0131lmadan rezervasyon ge\u00e7erli de\u011fildir.<\/p><p>\u0130\u015fbu s\u00f6zle\u015fmeden do\u011fan taraflar aras\u0131nda herhangi bir uyu\u015fmazl\u0131k halinde, yaln\u0131zca Yunanistan Mahkemeleri, \u00f6zellikle Midilli Mahkemeleri m\u00fcnhas\u0131r yetkili olacakt\u0131r.<\/p><p>(Sigorta Te ile devam ediyor)<\/p><p><strong><u>\u00d6deme Ko\u015fullar\u0131<\/u><\/strong><\/p><p>M\u00fc\u015fterinin rezervasyonu ba\u015far\u0131yla tamamlamas\u0131 i\u00e7in, kiralama bedelinin tamam\u0131n\u0131 a\u015fa\u011f\u0131daki \u00fc\u00e7 \u015fekilde \u00f6nceden \u00f6demesi gerekmektedir:\u2026\u2026\u2026\u2026\u2026\u2026\u2026\u2026\u2026\u2026.<\/p><ol><li>S\u00fcr\u00fcc\u00fcn\u00fcn ya\u015f\u0131: Asgari ya\u015f 23 olmal\u0131d\u0131r.<\/li><li>S\u00fcr\u00fcc\u00fc Belgesi: S\u00fcr\u00fcc\u00fcn\u00fcn, Motosiklet kategorisine ait ge\u00e7erli bir Avrupa veya uluslararas\u0131 s\u00fcr\u00fcc\u00fc belgesine sahip olmas\u0131 gerekmektedir.<\/li><li>Kiralama S\u00fcresi: Minimum kiralama s\u00fcresi bir g\u00fcnd\u00fcr (24 saat). Bir saatin \u00fczerinde gecikme olmas\u0131 durumunda m\u00fc\u015fteriden ek bir kiralama g\u00fcn\u00fc \u00fccreti al\u0131n\u0131r.<\/li><li>Sigortalar: T\u00fcm kiralama fiyatlar\u0131na \u00fc\u00e7\u00fcnc\u00fc \u015fah\u0131s sorumlulu\u011fu dahildir. Kiralayan, kiral\u0131k Araba, motosiklete verilen her t\u00fcrl\u00fc olas\u0131 hasardan veya h\u0131rs\u0131zl\u0131ktan (k\u0131smi veya toplam) 800\u20ac tutar\u0131na kadar sorumludur. Kiralayan, sorumlu kim olursa olsun Araba, motosikletin hasar\u0131n\u0131n toplam maliyetini \u00f6demelidir ve bu tutar, &#039;e-rentacar&#039; \u015firketi tazmin edildi\u011finde m\u00fc\u015fteriye iade edilecektir.<\/li><\/ol><p>D\u0130KKAT: Yukar\u0131daki Sigorta Kapsamlar\u0131n\u0131n hi\u00e7biri ge\u00e7erli de\u011fildir:<\/p><p>(a) Kirac\u0131 alkol veya uyu\u015fturucu etkisi alt\u0131ndaysa.<\/p><p>(b)Asfaltlanmam\u0131\u015f yollarda s\u00fcr\u00fc\u015f nedeniyle meydana gelen hasarlar i\u00e7in.<\/p><p>(c) Araban\u0131n, motosikletin a\u015fa\u011f\u0131daki k\u0131s\u0131mlar\u0131nda lastiklerde ve jantlarda meydana gelen hasarlar.<\/p><p>(d) Kira s\u00f6zle\u015fmesinde s\u00fcr\u00fcc\u00fcn\u00fcn belirtilmemesi nedeniyle meydana gelen kazalar.<\/p><p>(e) Kirac\u0131n\u0131n &#039;e-rentacar&#039;a bildirmedi\u011fi ve sorumlulu\u011fu ne olursa olsun Yunan mevzuat\u0131nda tan\u0131mland\u0131\u011f\u0131 \u015fekilde kaza tutana\u011f\u0131 ibraz etmedi\u011fi kazalar i\u00e7in.<\/p><ol start=\"5\"><li>Muafiyetli Sigorta: Kirac\u0131, g\u00fcnl\u00fck 10\u20ac ekstra \u00f6deme yaparak, sorumlulu\u011fu alt\u0131ndaki ara\u00e7, motosiklete verilebilecek her t\u00fcrl\u00fc hasar i\u00e7in 800\u20ac&#039;nun \u00fczerindeki tazminattan kurtulur.<\/li><li>Yak\u0131t: Yak\u0131t maliyeti yaln\u0131zca kiralayan\u0131 y\u00fckler. Kiralayan, Arabay\u0131, Motosikleti, deposunun i\u00e7eri\u011fiyle birlikte, ald\u0131\u011f\u0131 durumdaki gibi iade etmekle y\u00fck\u00fcml\u00fcd\u00fcr. Aksi takdirde yak\u0131t fark\u0131 ve 5\u20ac ek \u00fccret al\u0131nacakt\u0131r. Yak\u0131t maliyeti yaln\u0131zca kiralayan\u0131 y\u00fckler, Midilli d\u0131\u015f\u0131nda teslim alma ve b\u0131rakma s\u0131ras\u0131nda da ge\u00e7erlidir.<\/li><li>Yol yard\u0131m\u0131: Kirac\u0131dan g\u00fcnl\u00fck 2\u20ac \u00fccret al\u0131n\u0131r. Kirac\u0131 belirtilen alan\u0131n d\u0131\u015f\u0131nda bir b\u00f6lgede bulunursa, bundan do\u011facak yol yard\u0131m\u0131 masraflar\u0131n\u0131 kendisi \u00f6demek zorundad\u0131r.<\/li><li>Garanti: Arac\u0131n kategorisine ba\u011fl\u0131 olarak garanti limitleri 600\u20ac ile 1200\u20ac aras\u0131nda olup nakit veya kredi\/banka\/\u00f6n \u00f6demeli kart ile \u00f6denebilmektedir.<\/li><li>\u00d6deme \u015eekli: Araba, Motosiklet kiralama \u00fccreti nakit veya kart (Visa, Mastercard, Maestro, Diners, Discover) ile \u00f6denir ve %3% banka komisyonu eklenir.<\/li><li>Teslim Alma ve Teslimat: Teslim alma ve teslimat sadece istasyonumuzda ve \u00e7al\u0131\u015fma saatleri i\u00e7inde ger\u00e7ekle\u015fir. Ofis saatleri ve resmi tatiller d\u0131\u015f\u0131nda teslim alma ve teslimat sadece anla\u015fma ile ve kirac\u0131ya y\u00fcklenen ek bir \u00fccret kar\u015f\u0131l\u0131\u011f\u0131nda m\u00fcmk\u00fcnd\u00fcr.<\/li><li>Rezervasyonlar: Araba, Motosiklet rezervasyonu yapmak i\u00e7in kiralama \u00fccretinin pe\u015fin \u00f6denmesi gerekmektedir (nakit veya kredi\/banka\/\u00f6n \u00f6demeli kart ile \u00f6denmesi zorunludur).\u00a0<strong>\u00d6deme yap\u0131lmadan rezervasyon ge\u00e7erli de\u011fildir<\/strong>.<\/li><li>\u0130ptal Politikas\u0131: Rezervasyonun iptali durumunda &#039;e-rentacar&#039; a\u015fa\u011f\u0131daki iptal \u00fccretlerini kesme hakk\u0131na sahiptir:<\/li><\/ol><p>(a) Kiralama ba\u015flang\u0131\u00e7 tarihinden 15 g\u00fcn \u00f6ncesine kadar yap\u0131lan iptallerde toplam kiralama bedelinden 20%.<\/p><p>(b) Kiralaman\u0131n ba\u015flang\u0131\u00e7 tarihinden bir (1) ile be\u015f (10) g\u00fcn \u00f6nce yap\u0131lan iptallerde toplam kiralama bedelinden 35%.<\/p><p>(c) M\u00fc\u015fterinin hi\u00e7 gelmemesi halinde toplam kira bedelinden 50%.<br \/>(d) DEPOZ\u0130TO \u0130ADELER\u0130 YOK<\/p><ol start=\"13\"><li>\u0130ptal: \u0130ptaller yaz\u0131l\u0131 olarak &#039;e-rentacar&#039;a faks yoluyla +302253023000 numaras\u0131na veya e-rentacar.gr@gmail.com adresine e-posta yoluyla g\u00f6nderilmelidir.<\/li><li>Trafik \u0130hlalleri \u2013 Cezalar: T\u00fcm para cezalar\u0131 ve idari yapt\u0131r\u0131mlar kirac\u0131ya aittir.<\/li><li>Kilometre: S\u0131n\u0131rs\u0131z kilometre<\/li><li>Kask: Kiralayana \u00fccretsiz kask verilmektedir.<\/li><li>\u00c7e\u015fitli Terimler:<\/li><\/ol><p>(a) Kirac\u0131, arac\u0131 h\u0131z yar\u0131\u015flar\u0131, tekerlek kald\u0131rma veya kumda s\u00fcr\u00fc\u015f i\u00e7in kullanamaz.<\/p><p>(b) Kirac\u0131, ara\u00e7ta kimse olmad\u0131\u011f\u0131nda arac\u0131 kilitlemelidir.<\/p><p>(c) Ara\u00e7 yaln\u0131zca s\u00fcr\u00fcc\u00fc ve bu kiralama s\u00f6zle\u015fmesinde ad\u0131 ge\u00e7en ki\u015filer taraf\u0131ndan kullan\u0131lmal\u0131d\u0131r.<\/p><p>(d) Kirac\u0131, arac\u0131 LESVOS d\u0131\u015f\u0131na transfer edemez.<\/p><p>(e) Kirac\u0131, arac\u0131 teslim ald\u0131\u011f\u0131 gibi iyi durumda \u015firkete iade edecektir.<\/p><p>(f) Mekanik bir ar\u0131za durumunda kirac\u0131, kiralama \u015firketini derhal bilgilendirmelidir.<\/p><p>(g) Bir kaza halinde kirac\u0131, kazan\u0131n meydana geldi\u011fini 24 saat i\u00e7inde bildirmek zorundad\u0131r, aksi takdirde meydana gelen her t\u00fcrl\u00fc hasardan derhal ve tamamen sorumlu olur.<\/p><p>(h) Kirac\u0131, kiralama s\u00fcresince kendisine veya \u00fc\u00e7\u00fcnc\u00fc ki\u015filere gelebilecek her t\u00fcrl\u00fc olumlu veya dolayl\u0131 zarardan &#039;e-rentacar&#039;\u0131n sorumlu olmayaca\u011f\u0131n\u0131 ve yukar\u0131da belirtilen sebeplerden dolay\u0131 \u015firkete kar\u015f\u0131 herhangi bir talepte bulunulamayaca\u011f\u0131n\u0131 a\u00e7\u0131k\u00e7a kabul eder.<\/p><p>(i) \u00d6zel durumlarda, &#039;e-rentacar&#039; her Araba\/motosiklet tipini ayn\u0131 kategorideki veya daha \u00fcst bir kategorideki bir ara\u00e7\/motosiklet tipiyle de\u011fi\u015ftirme hakk\u0131n\u0131 sakl\u0131 tutar.<\/p><p>3 G\u00dcNDEN AZ B\u0130R S\u00dcRE \u0130\u00c7\u0130N ALIM VE BIRAKMA NOKTASI FARKLI OLURSA B\u0130ZE EKSTRA \u00dcCRET\u0130 SORMANIZ GEREK\u0130R M\u0130?<\/p><p>PLOMARI,AGIOS ISIDOROS MOLYBOS,PETRA,ANAXOS,EFTALOU,ERESSOS,SIGRI VATERA,POLICHNITOS,SKALA SIKAMINEAS,AGIASOS,MANTAMADOS,PAPADOS,PERAMA,PIRGI THERMIS VEYA 5 G\u00dcNDEN KISA B\u0130R S\u00dcRE \u0130\u00c7\u0130N BA\u015eKA B\u0130R YERDEN ALMA VEYA BIRAKMA YA DA 5 G\u00dcNDEN KISA B\u0130R S\u00dcRE \u0130\u00c7\u0130N EKSTRA \u00d6DEME YAPMANIZ GEREK\u0130R MAL\u0130YET 20 EURO ARTIK K\u0130LOMETRE BA\u015eINA 0,20<\/p><p><strong><u>REZERVASYON \u015eARTLARI<\/u><\/strong><br \/><strong>\u00d6DEME YAPILMADAN REZERVASYON YAPILAMAZ<\/strong>.<\/p><p>\u015eartlar ve fiyatlar \u00f6nceden haber verilmeksizin de\u011fi\u015ftirilebilir.<\/p>\t\t\t\t\t\t\t\t<\/div>\n\t\t\t\t<\/div>\n\t\t\t\t\t<\/div>\n\t\t\t\t<\/div>\n\t\t<div class=\"elementor-element elementor-element-8073d93 e-flex e-con-boxed e-con e-parent\" data-id=\"8073d93\" data-element_type=\"container\" data-settings=\"{&quot;background_background&quot;:&quot;gradient&quot;}\">\n\t\t\t\t\t<div class=\"e-con-inner\">\n\t\t<div class=\"elementor-element elementor-element-b58ff41 e-con-full e-flex e-con e-child\" data-id=\"b58ff41\" data-element_type=\"container\" data-settings=\"{&quot;background_background&quot;:&quot;classic&quot;}\">\n\t\t\t\t<div class=\"elementor-element elementor-element-eacc391 elementor-widget elementor-widget-heading\" data-id=\"eacc391\" data-element_type=\"widget\" data-widget_type=\"heading.default\">\n\t\t\t\t<div class=\"elementor-widget-container\">\n\t\t\t\t\t<h2 class=\"elementor-heading-title elementor-size-default\">\u260f Yard\u0131m Hatt\u0131: +306907319494\n<\/h2>\t\t\t\t<\/div>\n\t\t\t\t<\/div>\n\t\t\t\t<div class=\"elementor-element elementor-element-bfcacf0 elementor-widget-divider--view-line elementor-widget elementor-widget-divider\" data-id=\"bfcacf0\" data-element_type=\"widget\" data-widget_type=\"divider.default\">\n\t\t\t\t<div class=\"elementor-widget-container\">\n\t\t\t\t\t\t\t<div class=\"elementor-divider\">\n\t\t\t<span class=\"elementor-divider-separator\">\n\t\t\t\t\t\t<\/span>\n\t\t<\/div>\n\t\t\t\t\t\t<\/div>\n\t\t\t\t<\/div>\n\t\t\t\t<div class=\"elementor-element elementor-element-92737d1 elementor-align-center elementor-mobile-align-center elementor-widget elementor-widget-button\" data-id=\"92737d1\" data-element_type=\"widget\" data-widget_type=\"button.default\">\n\t\t\t\t<div class=\"elementor-widget-container\">\n\t\t\t\t\t\t\t\t\t<div class=\"elementor-button-wrapper\">\n\t\t\t\t\t<a class=\"elementor-button elementor-button-link elementor-size-md\" href=\"https:\/\/myrentacar.gr\/tr\">\n\t\t\t\t\t\t<span class=\"elementor-button-content-wrapper\">\n\t\t\t\t\t\t<span class=\"elementor-button-icon\">\n\t\t\t\t<svg aria-hidden=\"true\" class=\"e-font-icon-svg e-far-calendar-check\" viewbox=\"0 0 448 512\" xmlns=\"http:\/\/www.w3.org\/2000\/svg\"><path d=\"M400 64h-48V12c0-6.627-5.373-12-12-12h-40c-6.627 0-12 5.373-12 12v52H160V12c0-6.627-5.373-12-12-12h-40c-6.627 0-12 5.373-12 12v52H48C21.49 64 0 85.49 0 112v352c0 26.51 21.49 48 48 48h352c26.51 0 48-21.49 48-48V112c0-26.51-21.49-48-48-48zm-6 400H54a6 6 0 0 1-6-6V160h352v298a6 6 0 0 1-6 6zm-52.849-200.65L198.842 404.519c-4.705 4.667-12.303 4.637-16.971-.068l-75.091-75.699c-4.667-4.705-4.637-12.303.068-16.971l22.719-22.536c4.705-4.667 12.303-4.637 16.97.069l44.104 44.461 111.072-110.181c4.705-4.667 12.303-4.637 16.971.068l22.536 22.718c4.667 4.705 4.636 12.303-.069 16.97z\"><\/path><\/svg>\t\t\t<\/span>\n\t\t\t\t\t\t\t\t\t<span class=\"elementor-button-text\">\u015eimdi Rezervasyon Yap\u0131n<\/span>\n\t\t\t\t\t<\/span>\n\t\t\t\t\t<\/a>\n\t\t\t\t<\/div>\n\t\t\t\t\t\t\t\t<\/div>\n\t\t\t\t<\/div>\n\t\t\t\t<\/div>\n\t\t\t\t\t<\/div>\n\t\t\t\t<\/div>\n\t\t\t\t<\/div>","protected":false},"excerpt":{"rendered":"<p>CAR RENTAL TERMS &#038; CONDITIONS With this agreement the Company My Rent a Car, the undersigned tenant leases the car shown in the present (including any car that replaces it) under the following terms and agreements, including those listed on the front side, of which fully accepts the tenant. The Lessee has received the car [&hellip;]<\/p>","protected":false},"author":1,"featured_media":0,"parent":0,"menu_order":0,"comment_status":"closed","ping_status":"closed","template":"","meta":{"site-sidebar-layout":"no-sidebar","site-content-layout":"page-builder","ast-site-content-layout":"full-width-container","site-content-style":"unboxed","site-sidebar-style":"unboxed","ast-global-header-display":"","ast-banner-title-visibility":"","ast-main-header-display":"","ast-hfb-above-header-display":"","ast-hfb-below-header-display":"","ast-hfb-mobile-header-display":"","site-post-title":"disabled","ast-breadcrumbs-content":"","ast-featured-img":"disabled","footer-sml-layout":"","ast-disable-related-posts":"","theme-transparent-header-meta":"enabled","adv-header-id-meta":"","stick-header-meta":"","header-above-stick-meta":"","header-main-stick-meta":"","header-below-stick-meta":"","astra-migrate-meta-layouts":"set","ast-page-background-enabled":"default","ast-page-background-meta":{"desktop":{"background-color":"","background-image":"","background-repeat":"repeat","background-position":"center center","background-size":"auto","background-attachment":"scroll","background-type":"","background-media":"","overlay-type":"","overlay-color":"","overlay-opacity":"","overlay-gradient":""},"tablet":{"background-color":"","background-image":"","background-repeat":"repeat","background-position":"center center","background-size":"auto","background-attachment":"scroll","background-type":"","background-media":"","overlay-type":"","overlay-color":"","overlay-opacity":"","overlay-gradient":""},"mobile":{"background-color":"","background-image":"","background-repeat":"repeat","background-position":"center center","background-size":"auto","background-attachment":"scroll","background-type":"","background-media":"","overlay-type":"","overlay-color":"","overlay-opacity":"","overlay-gradient":""}},"ast-content-background-meta":{"desktop":{"background-color":"var(--ast-global-color-5)","background-image":"","background-repeat":"repeat","background-position":"center center","background-size":"auto","background-attachment":"scroll","background-type":"","background-media":"","overlay-type":"","overlay-color":"","overlay-opacity":"","overlay-gradient":""},"tablet":{"background-color":"var(--ast-global-color-5)","background-image":"","background-repeat":"repeat","background-position":"center center","background-size":"auto","background-attachment":"scroll","background-type":"","background-media":"","overlay-type":"","overlay-color":"","overlay-opacity":"","overlay-gradient":""},"mobile":{"background-color":"var(--ast-global-color-5)","background-image":"","background-repeat":"repeat","background-position":"center center","background-size":"auto","background-attachment":"scroll","background-type":"","background-media":"","overlay-type":"","overlay-color":"","overlay-opacity":"","overlay-gradient":""}},"footnotes":""},"class_list":["post-17695","page","type-page","status-publish","hentry"],"_links":{"self":[{"href":"https:\/\/myrentacar.gr\/tr\/wp-json\/wp\/v2\/pages\/17695","targetHints":{"allow":["GET"]}}],"collection":[{"href":"https:\/\/myrentacar.gr\/tr\/wp-json\/wp\/v2\/pages"}],"about":[{"href":"https:\/\/myrentacar.gr\/tr\/wp-json\/wp\/v2\/types\/page"}],"author":[{"embeddable":true,"href":"https:\/\/myrentacar.gr\/tr\/wp-json\/wp\/v2\/users\/1"}],"replies":[{"embeddable":true,"href":"https:\/\/myrentacar.gr\/tr\/wp-json\/wp\/v2\/comments?post=17695"}],"version-history":[{"count":14,"href":"https:\/\/myrentacar.gr\/tr\/wp-json\/wp\/v2\/pages\/17695\/revisions"}],"predecessor-version":[{"id":17910,"href":"https:\/\/myrentacar.gr\/tr\/wp-json\/wp\/v2\/pages\/17695\/revisions\/17910"}],"wp:attachment":[{"href":"https:\/\/myrentacar.gr\/tr\/wp-json\/wp\/v2\/media?parent=17695"}],"curies":[{"name":"wp","href":"https:\/\/api.w.org\/{rel}","templated":true}]}}