{"id":17752,"date":"2025-05-10T12:36:49","date_gmt":"2025-05-10T12:36:49","guid":{"rendered":"https:\/\/myrentacar.gr\/?page_id=17752"},"modified":"2025-05-10T12:41:55","modified_gmt":"2025-05-10T12:41:55","slug":"locations-copy","status":"publish","type":"page","link":"https:\/\/myrentacar.gr\/tr\/locations-copy\/","title":{"rendered":"Konumlar"},"content":{"rendered":"<div data-elementor-type=\"wp-post\" data-elementor-id=\"17752\" class=\"elementor elementor-17752\" data-elementor-post-type=\"page\">\n\t\t\t\t<div class=\"elementor-element elementor-element-6b2d6fe e-flex e-con-boxed e-con e-parent\" data-id=\"6b2d6fe\" data-element_type=\"container\" data-settings=\"{&quot;background_background&quot;:&quot;classic&quot;}\">\n\t\t\t\t\t<div class=\"e-con-inner\">\n\t\t<div class=\"elementor-element elementor-element-98d4ecd e-con-full e-flex e-con e-child\" data-id=\"98d4ecd\" data-element_type=\"container\">\n\t\t\t\t<div class=\"elementor-element elementor-element-7069fc4 elementor-widget elementor-widget-heading\" data-id=\"7069fc4\" data-element_type=\"widget\" data-widget_type=\"heading.default\">\n\t\t\t\t<div class=\"elementor-widget-container\">\n\t\t\t\t\t<h1 class=\"elementor-heading-title elementor-size-default\">Konumlar<\/h1>\t\t\t\t<\/div>\n\t\t\t\t<\/div>\n\t\t\t\t<div class=\"elementor-element elementor-element-eb43c4a elementor-widget-divider--view-line elementor-widget elementor-widget-divider\" data-id=\"eb43c4a\" data-element_type=\"widget\" data-widget_type=\"divider.default\">\n\t\t\t\t<div class=\"elementor-widget-container\">\n\t\t\t\t\t\t\t<div class=\"elementor-divider\">\n\t\t\t<span class=\"elementor-divider-separator\">\n\t\t\t\t\t\t<\/span>\n\t\t<\/div>\n\t\t\t\t\t\t<\/div>\n\t\t\t\t<\/div>\n\t\t\t\t<\/div>\n\t\t\t\t\t<\/div>\n\t\t\t\t<\/div>\n\t\t<div class=\"elementor-element elementor-element-7346f37 e-flex e-con-boxed e-con e-parent\" data-id=\"7346f37\" data-element_type=\"container\">\n\t\t\t\t\t<div class=\"e-con-inner\">\n\t\t\t\t<div class=\"elementor-element elementor-element-9f4e9de elementor-widget elementor-widget-html\" data-id=\"9f4e9de\" data-element_type=\"widget\" data-widget_type=\"html.default\">\n\t\t\t\t<div class=\"elementor-widget-container\">\n\t\t\t\t\t<style>\r\n  .location-wrapper {\r\n    display: flex;\r\n    flex-wrap: wrap;\r\n    border-bottom: 1px solid #ccc;\r\n    padding: 20px 0;\r\n    font-family: Arial, sans-serif;\r\n  }\r\n  .location-left {\r\n    flex: 1 1 30%;\r\n  }\r\n  .location-left h3 {\r\n    color: #0074cc;\r\n    border-bottom: 2px solid red;\r\n    display: inline-block;\r\n    padding-bottom: 5px;\r\n  }\r\n  .location-left p {\r\n    margin: 5px 0;\r\n  }\r\n  .location-middle, .location-right {\r\n    flex: 1 1 30%;\r\n  }\r\n  .location-middle h4, .location-right h4 {\r\n    border-bottom: 2px solid red;\r\n    display: inline-block;\r\n    padding-bottom: 5px;\r\n  }\r\n  .location-middle ul, .location-right ul {\r\n    list-style: none;\r\n    padding-left: 0;\r\n    margin-top: 5px;\r\n  }\r\n  .location-middle li span {\r\n    color: red;\r\n  }\r\n<\/style>\r\n\r\n<!-- \u0391\u0395\u03a1\u039f\u0394\u03a1\u039f\u039c\u0399\u039f \u039c\u03a5\u03a4\u0399\u039b\u0397\u039d\u0397\u03a3 -->\r\n<div class=\"location-wrapper\">\r\n  <div class=\"location-left\">\r\n    <h3>\u0391\u0395\u03a1\u039f\u0394\u03a1\u039f\u039c\u0399\u039f \u039c\u03a5\u03a4\u0399\u039b\u0397\u039d\u0397\u03a3<\/h3>\r\n    <p>\ud83d\udccd <strong>Adres:<\/strong> MYTILINI HAVAL\u0130MANI MJT, MYTILINI, LESVOS 81100, YUNAN\u0130STAN<\/p>\r\n    <p>\ud83d\udcde <strong>Telefon:<\/strong> 6981765808<\/p>\r\n  <\/div>\r\n  <div class=\"location-middle\">\r\n    <h4>\u00c7ALI\u015eMA SAATLER\u0130<\/h4>\r\n    <ul><li><span>Pazartesi-Pazar:<\/span> 00:00 - 23:59<\/li><\/ul>\r\n  <\/div>\r\n  <div class=\"location-right\">\r\n    <h4>KONUM \u00dcCRETLER\u0130<\/h4>\r\n    <ul>\r\n      <li>\ud83d\udcb6 <strong>Toplamak:<\/strong> 0 Avro<\/li>\r\n      <li>\ud83d\udcb6 <strong>Geri d\u00f6nmek:<\/strong> 0 Avro<\/li>\r\n    <\/ul>\r\n  <\/div>\r\n<\/div>\r\n\r\n<!-- \u039b\u0399\u039c\u0391\u039d\u0399 \u039c\u03a5\u03a4\u0399\u039b\u0397\u039d\u0397\u03a3 -->\r\n<div class=\"location-wrapper\">\r\n  <div class=\"location-left\">\r\n    <h3>\u039b\u0399\u039c\u0391\u039d\u0399 \u039c\u03a5\u03a4\u0399\u039b\u0397\u039d\u0397\u03a3<\/h3>\r\n    <p>\ud83d\udccd <strong>Adres:<\/strong> MYTILINI L\u0130MANI, MYTILINI, LESVOS 81100, YUNAN\u0130STAN<\/p>\r\n    <p>\ud83d\udcde <strong>Telefon:<\/strong> 6981765808<\/p>\r\n  <\/div>\r\n  <div class=\"location-middle\">\r\n    <h4>\u00c7ALI\u015eMA SAATLER\u0130<\/h4>\r\n    <ul><li><span>Pazartesi-Pazar:<\/span> 00:00 - 23:59<\/li><\/ul>\r\n  <\/div>\r\n  <div class=\"location-right\">\r\n    <h4>KONUM \u00dcCRETLER\u0130<\/h4>\r\n    <ul>\r\n      <li>\ud83d\udcb6 <strong>Toplamak:<\/strong> 0 Avro<\/li>\r\n      <li>\ud83d\udcb6 <strong>Geri d\u00f6nmek:<\/strong> 0 Avro<\/li>\r\n    <\/ul>\r\n  <\/div>\r\n<\/div>\r\n\t\t\t\t<\/div>\n\t\t\t\t<\/div>\n\t\t\t\t<div class=\"elementor-element elementor-element-6af1977 elementor-widget elementor-widget-html\" data-id=\"6af1977\" data-element_type=\"widget\" data-widget_type=\"html.default\">\n\t\t\t\t<div class=\"elementor-widget-container\">\n\t\t\t\t\t<!-- \u039a\u0391\u039b\u039b\u039f\u039d\u0397 \u039b\u0395\u03a3\u0392\u039f\u03a3 -->\r\n<div class=\"location-wrapper\">\r\n  <div class=\"location-left\">\r\n    <h3>\u039a\u0391\u039b\u039b\u039f\u039d\u0397 \u039b\u0395\u03a3\u0392\u039f\u03a3<\/h3>\r\n    <p>\ud83d\udccd <strong>Adres:<\/strong> KALLONI, LESVOS 81107, YUNAN\u0130STAN<\/p>\r\n    <p>\ud83d\udcde <strong>Telefon:<\/strong> 2253023000 veya 6981765808<\/p>\r\n  <\/div>\r\n  <div class=\"location-middle\">\r\n    <h4>\u00c7ALI\u015eMA SAATLER\u0130<\/h4>\r\n    <ul><li><span>Pazartesi-Pazar:<\/span> 08:00 - 22:00<\/li><\/ul>\r\n  <\/div>\r\n  <div class=\"location-right\">\r\n    <h4>KONUM \u00dcCRETLER\u0130<\/h4>\r\n    <ul>\r\n      <li>\ud83d\udcb6 <strong>Toplamak:<\/strong> 0 Avro<\/li>\r\n      <li>\ud83d\udcb6 <strong>Geri d\u00f6nmek:<\/strong> 0 Avro<\/li>\r\n    <\/ul>\r\n  <\/div>\r\n<\/div>\r\n\r\n<!-- \u03a3\u039a\u0391\u039b\u0391 \u039a\u0391\u039b\u039b\u039f\u039d\u0397\u03a3 -->\r\n<div class=\"location-wrapper\">\r\n  <div class=\"location-left\">\r\n    <h3>\u03a3\u039a\u0391\u039b\u0391 \u039a\u0391\u039b\u039b\u039f\u039d\u0397\u03a3<\/h3>\r\n    <p>\ud83d\udccd <strong>Adres:<\/strong> SKALA KALLONIS, LESVOS 81107, YUNAN\u0130STAN<\/p>\r\n    <p>\ud83d\udcde <strong>Telefon:<\/strong> 6981765808<\/p>\r\n  <\/div>\r\n  <div class=\"location-middle\">\r\n    <h4>\u00c7ALI\u015eMA SAATLER\u0130<\/h4>\r\n    <ul><li><span>Pazartesi-Pazar:<\/span> 00:00 - 23:59<\/li><\/ul>\r\n  <\/div>\r\n  <div class=\"location-right\">\r\n    <h4>KONUM \u00dcCRETLER\u0130<\/h4>\r\n    <ul>\r\n      <li>\ud83d\udcb6 <strong>Toplamak:<\/strong> 0 Avro<\/li>\r\n      <li>\ud83d\udcb6 <strong>Geri d\u00f6nmek:<\/strong> 0 Avro<\/li>\r\n    <\/ul>\r\n  <\/div>\r\n<\/div>\r\n\r\n<!-- \u039c\u039f\u039b\u03a5\u0392\u039f\u03a3 -->\r\n<div class=\"location-wrapper\">\r\n  <div class=\"location-left\">\r\n    <h3>M\u00d3L\u00c9B\u00d3S<\/h3>\r\n    <p>\ud83d\udccd <strong>Adres:<\/strong> MOLYBOS, LESVOS 81108, YUNAN\u0130STAN<\/p>\r\n    <p>\ud83d\udcde <strong>Telefon:<\/strong> 6981765808<\/p>\r\n  <\/div>\r\n  <div class=\"location-middle\">\r\n    <h4>\u00c7ALI\u015eMA SAATLER\u0130<\/h4>\r\n    <ul><li><span>Pazartesi-Pazar:<\/span> 00:00 - 23:59<\/li><\/ul>\r\n  <\/div>\r\n  <div class=\"location-right\">\r\n    <h4>KONUM \u00dcCRETLER\u0130<\/h4>\r\n    <ul>\r\n      <li>\ud83d\udcb6 <strong>Toplamak:<\/strong> 94 Avro<\/li>\r\n      <li>\ud83d\udcb6 <strong>Geri d\u00f6nmek:<\/strong> 94 Avro<\/li>\r\n    <\/ul>\r\n  <\/div>\r\n<\/div>\r\n\r\n<!-- \u03a0\u0395\u03a4\u03a1\u0391 -->\r\n<div class=\"location-wrapper\">\r\n  <div class=\"location-left\">\r\n    <h3>PATE<\/h3>\r\n    <p>\ud83d\udccd <strong>Adres:<\/strong> PETRA, M\u0130D\u0130LL\u0130 81109, YUNAN\u0130STAN<\/p>\r\n    <p>\ud83d\udcde <strong>Telefon:<\/strong> 6981765808<\/p>\r\n  <\/div>\r\n  <div class=\"location-middle\">\r\n    <h4>\u00c7ALI\u015eMA SAATLER\u0130<\/h4>\r\n    <ul><li><span>Pazartesi-Pazar:<\/span> 00:00 - 23:59<\/li><\/ul>\r\n  <\/div>\r\n  <div class=\"location-right\">\r\n    <h4>KONUM \u00dcCRETLER\u0130<\/h4>\r\n    <ul>\r\n      <li>\ud83d\udcb6 <strong>Toplamak:<\/strong> 94 Avro<\/li>\r\n      <li>\ud83d\udcb6 <strong>Geri d\u00f6nmek:<\/strong> 94 Avro<\/li>\r\n    <\/ul>\r\n  <\/div>\r\n<\/div>\r\n\r\n<!-- \u0391\u039d\u0391\u039e\u039f\u03a3 -->\r\n<div class=\"location-wrapper\">\r\n  <div class=\"location-left\">\r\n    <h3>ANAO\u0163<\/h3>\r\n    <p>\ud83d\udccd <strong>Adres:<\/strong> ANAXOS, LESVOS 81109, YUNAN\u0130STAN<\/p>\r\n    <p>\ud83d\udcde <strong>Telefon:<\/strong> 6981765808<\/p>\r\n  <\/div>\r\n  <div class=\"location-middle\">\r\n    <h4>\u00c7ALI\u015eMA SAATLER\u0130<\/h4>\r\n    <ul><li><span>Pazartesi-Pazar:<\/span> 09:00 - 21:00<\/li><\/ul>\r\n  <\/div>\r\n  <div class=\"location-right\">\r\n    <h4>KONUM \u00dcCRETLER\u0130<\/h4>\r\n    <ul>\r\n      <li>\ud83d\udcb6 <strong>Toplamak:<\/strong> 94 Avro<\/li>\r\n      <li>\ud83d\udcb6 <strong>Geri d\u00f6nmek:<\/strong> 94 Avro<\/li>\r\n    <\/ul>\r\n  <\/div>\r\n<\/div>\r\n\r\n<!-- \u0395\u03a5\u0398\u0391\u039b\u039f\u03a5 -->\r\n<div class=\"location-wrapper\">\r\n  <div class=\"location-left\">\r\n    <h3>E\u0395\u03a5\u0398\u0391\u039b\u039f\u03a5<\/h3>\r\n    <p>\ud83d\udccd <strong>Adres:<\/strong> EFTALOU, LESVOS 81108, YUNAN\u0130STAN<\/p>\r\n    <p>\ud83d\udcde <strong>Telefon:<\/strong> 6981765808<\/p>\r\n  <\/div>\r\n  <div class=\"location-middle\">\r\n    <h4>\u00c7ALI\u015eMA SAATLER\u0130<\/h4>\r\n    <ul><li><span>Pazartesi-Pazar:<\/span> 00:00 - 23:59<\/li><\/ul>\r\n  <\/div>\r\n  <div class=\"location-right\">\r\n    <h4>KONUM \u00dcCRETLER\u0130<\/h4>\r\n    <ul>\r\n      <li>\ud83d\udcb6 <strong>Toplamak:<\/strong> 94 Avro<\/li>\r\n      <li>\ud83d\udcb6 <strong>Geri d\u00f6nmek:<\/strong> 94 Avro<\/li>\r\n    <\/ul>\r\n  <\/div>\r\n<\/div>\r\n\r\n<!-- \u03a3\u039a\u0391\u039b\u0391 \u0395\u03a1\u0395\u03a3\u039f\u03a5 -->\r\n<div class=\"location-wrapper\">\r\n  <div class=\"location-left\">\r\n    <h3>\u03a3\u039a\u0391\u039b\u0391 \u0395\u03a1\u0395\u03a3\u039f\u03a5<\/h3>\r\n    <p>\ud83d\udccd <strong>Adres:<\/strong> SKALA ERESSOS, M\u0130D\u0130LL\u0130<\/p>\r\n    <p>\ud83d\udcde <strong>Telefon:<\/strong> 6981765808<\/p>\r\n  <\/div>\r\n  <div class=\"location-middle\">\r\n    <h4>\u00c7ALI\u015eMA SAATLER\u0130<\/h4>\r\n    <ul><li><span>Pazartesi-Pazar:<\/span> 09:00 - 21:00<\/li><\/ul>\r\n  <\/div>\r\n  <div class=\"location-right\">\r\n    <h4>KONUM \u00dcCRETLER\u0130<\/h4>\r\n    <ul>\r\n      <li>\ud83d\udcb6 <strong>Toplamak:<\/strong> 105 Avro<\/li>\r\n      <li>\ud83d\udcb6 <strong>Geri d\u00f6nmek:<\/strong> 105 Avro<\/li>\r\n    <\/ul>\r\n  <\/div>\r\n<\/div>\r\n\t\t\t\t<\/div>\n\t\t\t\t<\/div>\n\t\t\t\t<div class=\"elementor-element elementor-element-a271c50 elementor-widget elementor-widget-html\" data-id=\"a271c50\" data-element_type=\"widget\" data-widget_type=\"html.default\">\n\t\t\t\t<div class=\"elementor-widget-container\">\n\t\t\t\t\t<!-- \u0395\u03a1\u0395\u03a3\u03a3\u039f\u03a3 -->\r\n<div class=\"location-wrapper\">\r\n  <div class=\"location-left\">\r\n    <h3>E\u0395\u03a1\u03a3\u03a3\u039f\u03a3<\/h3>\r\n    <p>\ud83d\udccd <strong>Adres:<\/strong> ERESSOS, M\u0130D\u0130LL\u0130 81105, YUNAN\u0130STAN<\/p>\r\n    <p>\ud83d\udcde <strong>Telefon:<\/strong> 6981765808<\/p>\r\n  <\/div>\r\n  <div class=\"location-middle\">\r\n    <h4>\u00c7ALI\u015eMA SAATLER\u0130<\/h4>\r\n    <ul><li><span>Pazartesi-Pazar:<\/span> 00:00 - 23:59<\/li><\/ul>\r\n  <\/div>\r\n  <div class=\"location-right\">\r\n    <h4>KONUM \u00dcCRETLER\u0130<\/h4>\r\n    <ul>\r\n      <li>\ud83d\udcb6 <strong>Toplamak:<\/strong> 105 Avro<\/li>\r\n      <li>\ud83d\udcb6 <strong>Geri d\u00f6nmek:<\/strong> 105 Avro<\/li>\r\n    <\/ul>\r\n  <\/div>\r\n<\/div>\r\n\r\n<!-- \u03a3\u0399\u0393\u03a1\u0399 -->\r\n<div class=\"location-wrapper\">\r\n  <div class=\"location-left\">\r\n    <h3>SIGMA<\/h3>\r\n    <p>\ud83d\udccd <strong>Adres:<\/strong> SIGRI, LESVOS 81103, YUNAN\u0130STAN<\/p>\r\n    <p>\ud83d\udcde <strong>Telefon:<\/strong> 6981765808<\/p>\r\n  <\/div>\r\n  <div class=\"location-middle\">\r\n    <h4>\u00c7ALI\u015eMA SAATLER\u0130<\/h4>\r\n    <ul><li><span>Pazartesi-Pazar:<\/span> 09:00 - 21:00<\/li><\/ul>\r\n  <\/div>\r\n  <div class=\"location-right\">\r\n    <h4>KONUM \u00dcCRETLER\u0130<\/h4>\r\n    <ul>\r\n      <li>\ud83d\udcb6 <strong>Toplamak:<\/strong> 105 Avro<\/li>\r\n      <li>\ud83d\udcb6 <strong>Geri d\u00f6nmek:<\/strong> 105 Avro<\/li>\r\n    <\/ul>\r\n  <\/div>\r\n<\/div>\r\n\r\n<!-- \u0391\u0393\u0399\u039f\u03a3 \u0399\u03a3\u0399\u0394\u03a9\u03a1\u039f\u03a3 -->\r\n<div class=\"location-wrapper\">\r\n  <div class=\"location-left\">\r\n    <h3>\u0391\u0393\u0399\u039f\u03a3 \u0399\u03a3\u0399\u0394\u03a9\u03a1\u039f\u03a3<\/h3>\r\n    <p>\ud83d\udccd <strong>Adres:<\/strong> AGIOS \u0130S\u0130DOROS, LESVOS 81200, YUNAN\u0130STAN<\/p>\r\n    <p>\ud83d\udcde <strong>Telefon:<\/strong> 6981765808<\/p>\r\n  <\/div>\r\n  <div class=\"location-middle\">\r\n    <h4>\u00c7ALI\u015eMA SAATLER\u0130<\/h4>\r\n    <ul><li><span>Pazartesi-Pazar:<\/span> 08:00 - 22:00<\/li><\/ul>\r\n  <\/div>\r\n  <div class=\"location-right\">\r\n    <h4>KONUM \u00dcCRETLER\u0130<\/h4>\r\n    <ul>\r\n      <li>\ud83d\udcb6 <strong>Toplamak:<\/strong> 59 Avro<\/li>\r\n      <li>\ud83d\udcb6 <strong>Geri d\u00f6nmek:<\/strong> 59 Avro<\/li>\r\n    <\/ul>\r\n  <\/div>\r\n<\/div>\r\n\r\n<!-- \u03a0\u039b\u03a9\u039c\u0391\u03a1\u0399 -->\r\n<div class=\"location-wrapper\">\r\n  <div class=\"location-left\">\r\n    <h3>P\u03a0\u039b\u03a9\u039c\u0391\u03a1\u0399<\/h3>\r\n    <p>\ud83d\udccd <strong>Adres:<\/strong> PLOMARI, LESVOS 81200, YUNAN\u0130STAN<\/p>\r\n    <p>\ud83d\udcde <strong>Telefon:<\/strong> 6981765808<\/p>\r\n  <\/div>\r\n  <div class=\"location-middle\">\r\n    <h4>\u00c7ALI\u015eMA SAATLER\u0130<\/h4>\r\n    <ul><li><span>Pazartesi-Pazar:<\/span> 00:00 - 23:59<\/li><\/ul>\r\n  <\/div>\r\n  <div class=\"location-right\">\r\n    <h4>KONUM \u00dcCRETLER\u0130<\/h4>\r\n    <ul>\r\n      <li>\ud83d\udcb6 <strong>Toplamak:<\/strong> 59 Avro<\/li>\r\n      <li>\ud83d\udcb6 <strong>Geri d\u00f6nmek:<\/strong> 59 Avro<\/li>\r\n    <\/ul>\r\n  <\/div>\r\n<\/div>\r\n\r\n<!-- \u03a0\u039f\u039b\u0399\u03a7\u039d\u0399\u03a4\u039f\u03a3 -->\r\n<div class=\"location-wrapper\">\r\n  <div class=\"location-left\">\r\n    <h3>\u03a0\u039f\u039b\u0399\u03a7\u039d\u0399\u03a4\u039f\u03a3<\/h3>\r\n    <p>\ud83d\udccd <strong>Adres:<\/strong> POLICHNITOS, LESVOS 81300, YUNAN\u0130STAN<\/p>\r\n    <p>\ud83d\udcde <strong>Telefon:<\/strong> 6981765808<\/p>\r\n  <\/div>\r\n  <div class=\"location-middle\">\r\n    <h4>\u00c7ALI\u015eMA SAATLER\u0130<\/h4>\r\n    <ul><li><span>Pazartesi-Pazar:<\/span> 08:00 - 19:00<\/li><\/ul>\r\n  <\/div>\r\n  <div class=\"location-right\">\r\n    <h4>KONUM \u00dcCRETLER\u0130<\/h4>\r\n    <ul>\r\n      <li>\ud83d\udcb6 <strong>Toplamak:<\/strong> 70 Avro<\/li>\r\n      <li>\ud83d\udcb6 <strong>Geri d\u00f6nmek:<\/strong> 70 Avro<\/li>\r\n    <\/ul>\r\n  <\/div>\r\n<\/div>\r\n\r\n<!-- \u0392\u0391\u03a4\u0395\u03a1\u0391 -->\r\n<div class=\"location-wrapper\">\r\n  <div class=\"location-left\">\r\n    <h3>BATA<\/h3>\r\n    <p>\ud83d\udccd <strong>Adres:<\/strong> VATERA, M\u0130D\u0130LL\u0130 81300, YUNAN\u0130STAN<\/p>\r\n    <p>\ud83d\udcde <strong>Telefon:<\/strong> 6981765808<\/p>\r\n  <\/div>\r\n  <div class=\"location-middle\">\r\n    <h4>\u00c7ALI\u015eMA SAATLER\u0130<\/h4>\r\n    <ul><li><span>Pazartesi-Pazar:<\/span> 09:00 - 21:00<\/li><\/ul>\r\n  <\/div>\r\n  <div class=\"location-right\">\r\n    <h4>KONUM \u00dcCRETLER\u0130<\/h4>\r\n    <ul>\r\n      <li>\ud83d\udcb6 <strong>Toplamak:<\/strong> 76 Avro<\/li>\r\n      <li>\ud83d\udcb6 <strong>Geri d\u00f6nmek:<\/strong> 76 Avro<\/li>\r\n    <\/ul>\r\n  <\/div>\r\n<\/div>\r\n\r\n<!-- \u0391\u03b3\u03af\u03b1 \u03a0\u03b1\u03c1\u03b1\u03c3\u03ba\u03b5\u03c5\u03ae -->\r\n<div class=\"location-wrapper\">\r\n  <div class=\"location-left\">\r\n    <h3>\u0391\u0393\u0399\u0391 \u03a0\u0391\u03a1\u0391\u03a3\u039a\u0395\u03a5\u0397<\/h3>\r\n    <p>\ud83d\udccd <strong>Adres:<\/strong> AG\u0130A PARASKEV\u0130, LESVOS 81102, YUNAN\u0130STAN<\/p>\r\n    <p>\ud83d\udcde <strong>Telefon:<\/strong> 6981765808<\/p>\r\n  <\/div>\r\n  <div class=\"location-middle\">\r\n    <h4>\u00c7ALI\u015eMA SAATLER\u0130<\/h4>\r\n    <ul><li><span>Pazartesi-Pazar:<\/span> 08:00 - 19:00<\/li><\/ul>\r\n  <\/div>\r\n  <div class=\"location-right\">\r\n    <h4>KONUM \u00dcCRETLER\u0130<\/h4>\r\n    <ul>\r\n      <li>\ud83d\udcb6 <strong>Toplamak:<\/strong> 23 Avro<\/li>\r\n      <li>\ud83d\udcb6 <strong>Geri d\u00f6nmek:<\/strong> 23 Avro<\/li>\r\n    <\/ul>\r\n  <\/div>\r\n<\/div>\r\n\r\n<!-- \u03a3\u039a\u0391\u039b\u0391 \u039b\u039f\u03a5\u03a4\u03a1\u03a9\u039d -->\r\n<div class=\"location-wrapper\">\r\n  <div class=\"location-left\">\r\n    <h3>\u03a3\u039a\u0391\u039b\u0391 \u039b\u039f\u03a5\u03a4\u03a1\u03a9\u039d<\/h3>\r\n    <p>\ud83d\udccd <strong>Adres:<\/strong> SKALA LOYTRON, YUNAN\u0130STAN<\/p>\r\n    <p>\ud83d\udcde <strong>Telefon:<\/strong> -<\/p>\r\n  <\/div>\r\n  <div class=\"location-middle\">\r\n    <h4>\u00c7ALI\u015eMA SAATLER\u0130<\/h4>\r\n    <ul><li><span>Pazartesi-Pazar:<\/span> 08:00 - 19:00<\/li><\/ul>\r\n  <\/div>\r\n  <div class=\"location-right\">\r\n    <h4>KONUM \u00dcCRETLER\u0130<\/h4>\r\n    <ul>\r\n      <li>\ud83d\udcb6 <strong>Toplamak:<\/strong> 23 Avro<\/li>\r\n      <li>\ud83d\udcb6 <strong>Geri d\u00f6nmek:<\/strong> 23 Avro<\/li>\r\n    <\/ul>\r\n  <\/div>\r\n<\/div>\r\n\t\t\t\t<\/div>\n\t\t\t\t<\/div>\n\t\t\t\t\t<\/div>\n\t\t\t\t<\/div>\n\t\t<div class=\"elementor-element elementor-element-8073d93 e-flex e-con-boxed e-con e-parent\" data-id=\"8073d93\" data-element_type=\"container\" data-settings=\"{&quot;background_background&quot;:&quot;gradient&quot;}\">\n\t\t\t\t\t<div class=\"e-con-inner\">\n\t\t<div class=\"elementor-element elementor-element-b58ff41 e-con-full e-flex e-con e-child\" data-id=\"b58ff41\" data-element_type=\"container\" data-settings=\"{&quot;background_background&quot;:&quot;classic&quot;}\">\n\t\t\t\t<div class=\"elementor-element elementor-element-eacc391 elementor-widget elementor-widget-heading\" data-id=\"eacc391\" data-element_type=\"widget\" data-widget_type=\"heading.default\">\n\t\t\t\t<div class=\"elementor-widget-container\">\n\t\t\t\t\t<h2 class=\"elementor-heading-title elementor-size-default\">\u260f Yard\u0131m Hatt\u0131: +306907319494\n<\/h2>\t\t\t\t<\/div>\n\t\t\t\t<\/div>\n\t\t\t\t<div class=\"elementor-element elementor-element-bfcacf0 elementor-widget-divider--view-line elementor-widget elementor-widget-divider\" data-id=\"bfcacf0\" data-element_type=\"widget\" data-widget_type=\"divider.default\">\n\t\t\t\t<div class=\"elementor-widget-container\">\n\t\t\t\t\t\t\t<div class=\"elementor-divider\">\n\t\t\t<span class=\"elementor-divider-separator\">\n\t\t\t\t\t\t<\/span>\n\t\t<\/div>\n\t\t\t\t\t\t<\/div>\n\t\t\t\t<\/div>\n\t\t\t\t<div class=\"elementor-element elementor-element-92737d1 elementor-align-center elementor-mobile-align-center elementor-widget elementor-widget-button\" data-id=\"92737d1\" data-element_type=\"widget\" data-widget_type=\"button.default\">\n\t\t\t\t<div class=\"elementor-widget-container\">\n\t\t\t\t\t\t\t\t\t<div class=\"elementor-button-wrapper\">\n\t\t\t\t\t<a class=\"elementor-button elementor-button-link elementor-size-md\" href=\"https:\/\/myrentacar.gr\/tr\">\n\t\t\t\t\t\t<span class=\"elementor-button-content-wrapper\">\n\t\t\t\t\t\t<span class=\"elementor-button-icon\">\n\t\t\t\t<svg aria-hidden=\"true\" class=\"e-font-icon-svg e-far-calendar-check\" viewbox=\"0 0 448 512\" xmlns=\"http:\/\/www.w3.org\/2000\/svg\"><path d=\"M400 64h-48V12c0-6.627-5.373-12-12-12h-40c-6.627 0-12 5.373-12 12v52H160V12c0-6.627-5.373-12-12-12h-40c-6.627 0-12 5.373-12 12v52H48C21.49 64 0 85.49 0 112v352c0 26.51 21.49 48 48 48h352c26.51 0 48-21.49 48-48V112c0-26.51-21.49-48-48-48zm-6 400H54a6 6 0 0 1-6-6V160h352v298a6 6 0 0 1-6 6zm-52.849-200.65L198.842 404.519c-4.705 4.667-12.303 4.637-16.971-.068l-75.091-75.699c-4.667-4.705-4.637-12.303.068-16.971l22.719-22.536c4.705-4.667 12.303-4.637 16.97.069l44.104 44.461 111.072-110.181c4.705-4.667 12.303-4.637 16.971.068l22.536 22.718c4.667 4.705 4.636 12.303-.069 16.97z\"><\/path><\/svg>\t\t\t<\/span>\n\t\t\t\t\t\t\t\t\t<span class=\"elementor-button-text\">\u015eimdi Rezervasyon Yap\u0131n<\/span>\n\t\t\t\t\t<\/span>\n\t\t\t\t\t<\/a>\n\t\t\t\t<\/div>\n\t\t\t\t\t\t\t\t<\/div>\n\t\t\t\t<\/div>\n\t\t\t\t<\/div>\n\t\t\t\t\t<\/div>\n\t\t\t\t<\/div>\n\t\t\t\t<\/div>","protected":false},"excerpt":{"rendered":"<p>Locations \u0391\u0395\u03a1\u039f\u0394\u03a1\u039f\u039c\u0399\u039f \u039c\u03a5\u03a4\u0399\u039b\u0397\u039d\u0397\u03a3 \ud83d\udccd Address: MYTILINI AIRPORT MJT, MYTILINI, LESVOS 81100, GREECE \ud83d\udcde Phone: 6981765808 BUSINESS HOURS Mon\u2013Sun: 00:00 &#8211; 23:59 LOCATION FEES \ud83d\udcb6 Pick-Up: 0 EUR \ud83d\udcb6 Return: 0 EUR \u039b\u0399\u039c\u0391\u039d\u0399 \u039c\u03a5\u03a4\u0399\u039b\u0397\u039d\u0397\u03a3 \ud83d\udccd Address: MYTILINI PORT, MYTILINI, LESVOS 81100, GREECE \ud83d\udcde Phone: 6981765808 BUSINESS HOURS Mon\u2013Sun: 00:00 &#8211; 23:59 LOCATION FEES \ud83d\udcb6 Pick-Up: 0 [&hellip;]<\/p>","protected":false},"author":1,"featured_media":0,"parent":0,"menu_order":0,"comment_status":"closed","ping_status":"closed","template":"","meta":{"site-sidebar-layout":"no-sidebar","site-content-layout":"page-builder","ast-site-content-layout":"full-width-container","site-content-style":"unboxed","site-sidebar-style":"unboxed","ast-global-header-display":"","ast-banner-title-visibility":"","ast-main-header-display":"","ast-hfb-above-header-display":"","ast-hfb-below-header-display":"","ast-hfb-mobile-header-display":"","site-post-title":"disabled","ast-breadcrumbs-content":"","ast-featured-img":"disabled","footer-sml-layout":"","ast-disable-related-posts":"","theme-transparent-header-meta":"enabled","adv-header-id-meta":"","stick-header-meta":"","header-above-stick-meta":"","header-main-stick-meta":"","header-below-stick-meta":"","astra-migrate-meta-layouts":"set","ast-page-background-enabled":"default","ast-page-background-meta":{"desktop":{"background-color":"","background-image":"","background-repeat":"repeat","background-position":"center center","background-size":"auto","background-attachment":"scroll","background-type":"","background-media":"","overlay-type":"","overlay-color":"","overlay-opacity":"","overlay-gradient":""},"tablet":{"background-color":"","background-image":"","background-repeat":"repeat","background-position":"center center","background-size":"auto","background-attachment":"scroll","background-type":"","background-media":"","overlay-type":"","overlay-color":"","overlay-opacity":"","overlay-gradient":""},"mobile":{"background-color":"","background-image":"","background-repeat":"repeat","background-position":"center center","background-size":"auto","background-attachment":"scroll","background-type":"","background-media":"","overlay-type":"","overlay-color":"","overlay-opacity":"","overlay-gradient":""}},"ast-content-background-meta":{"desktop":{"background-color":"var(--ast-global-color-5)","background-image":"","background-repeat":"repeat","background-position":"center center","background-size":"auto","background-attachment":"scroll","background-type":"","background-media":"","overlay-type":"","overlay-color":"","overlay-opacity":"","overlay-gradient":""},"tablet":{"background-color":"var(--ast-global-color-5)","background-image":"","background-repeat":"repeat","background-position":"center center","background-size":"auto","background-attachment":"scroll","background-type":"","background-media":"","overlay-type":"","overlay-color":"","overlay-opacity":"","overlay-gradient":""},"mobile":{"background-color":"var(--ast-global-color-5)","background-image":"","background-repeat":"repeat","background-position":"center center","background-size":"auto","background-attachment":"scroll","background-type":"","background-media":"","overlay-type":"","overlay-color":"","overlay-opacity":"","overlay-gradient":""}},"footnotes":""},"class_list":["post-17752","page","type-page","status-publish","hentry"],"_links":{"self":[{"href":"https:\/\/myrentacar.gr\/tr\/wp-json\/wp\/v2\/pages\/17752","targetHints":{"allow":["GET"]}}],"collection":[{"href":"https:\/\/myrentacar.gr\/tr\/wp-json\/wp\/v2\/pages"}],"about":[{"href":"https:\/\/myrentacar.gr\/tr\/wp-json\/wp\/v2\/types\/page"}],"author":[{"embeddable":true,"href":"https:\/\/myrentacar.gr\/tr\/wp-json\/wp\/v2\/users\/1"}],"replies":[{"embeddable":true,"href":"https:\/\/myrentacar.gr\/tr\/wp-json\/wp\/v2\/comments?post=17752"}],"version-history":[{"count":7,"href":"https:\/\/myrentacar.gr\/tr\/wp-json\/wp\/v2\/pages\/17752\/revisions"}],"predecessor-version":[{"id":17759,"href":"https:\/\/myrentacar.gr\/tr\/wp-json\/wp\/v2\/pages\/17752\/revisions\/17759"}],"wp:attachment":[{"href":"https:\/\/myrentacar.gr\/tr\/wp-json\/wp\/v2\/media?parent=17752"}],"curies":[{"name":"wp","href":"https:\/\/api.w.org\/{rel}","templated":true}]}}