{"id":230,"date":"2025-03-13T14:34:49","date_gmt":"2025-03-13T14:34:49","guid":{"rendered":"https:\/\/myrentacar.gr\/our-staff\/"},"modified":"2025-06-21T10:58:09","modified_gmt":"2025-06-21T10:58:09","slug":"our-staff","status":"publish","type":"page","link":"https:\/\/myrentacar.gr\/tr\/our-staff\/","title":{"rendered":"Hakk\u0131m\u0131zda"},"content":{"rendered":"<div data-elementor-type=\"wp-post\" data-elementor-id=\"230\" class=\"elementor elementor-230\" data-elementor-post-type=\"page\">\n\t\t\t\t<div class=\"elementor-element elementor-element-2c4fdd7 e-flex e-con-boxed e-con e-parent\" data-id=\"2c4fdd7\" data-element_type=\"container\" data-settings=\"{&quot;background_background&quot;:&quot;classic&quot;}\">\n\t\t\t\t\t<div class=\"e-con-inner\">\n\t\t<div class=\"elementor-element elementor-element-e319c7a e-con-full e-flex e-con e-child\" data-id=\"e319c7a\" data-element_type=\"container\">\n\t\t\t\t<div class=\"elementor-element elementor-element-18cc39a elementor-widget elementor-widget-heading\" data-id=\"18cc39a\" data-element_type=\"widget\" data-widget_type=\"heading.default\">\n\t\t\t\t<div class=\"elementor-widget-container\">\n\t\t\t\t\t<h6 class=\"elementor-heading-title elementor-size-default\">PERSONEL\u0130M\u0130Z<\/h6>\t\t\t\t<\/div>\n\t\t\t\t<\/div>\n\t\t\t\t<div class=\"elementor-element elementor-element-3d7a8b8 elementor-widget elementor-widget-heading\" data-id=\"3d7a8b8\" data-element_type=\"widget\" data-widget_type=\"heading.default\">\n\t\t\t\t<div class=\"elementor-widget-container\">\n\t\t\t\t\t<h1 class=\"elementor-heading-title elementor-size-default\">Hakk\u0131m\u0131zda <\/h1>\t\t\t\t<\/div>\n\t\t\t\t<\/div>\n\t\t\t\t<div class=\"elementor-element elementor-element-688f409 elementor-widget-divider--view-line elementor-widget elementor-widget-divider\" data-id=\"688f409\" data-element_type=\"widget\" data-widget_type=\"divider.default\">\n\t\t\t\t<div class=\"elementor-widget-container\">\n\t\t\t\t\t\t\t<div class=\"elementor-divider\">\n\t\t\t<span class=\"elementor-divider-separator\">\n\t\t\t\t\t\t<\/span>\n\t\t<\/div>\n\t\t\t\t\t\t<\/div>\n\t\t\t\t<\/div>\n\t\t\t\t<div class=\"elementor-element elementor-element-585fdc1 elementor-widget elementor-widget-text-editor\" data-id=\"585fdc1\" data-element_type=\"widget\" data-widget_type=\"text-editor.default\">\n\t\t\t\t<div class=\"elementor-widget-container\">\n\t\t\t\t\t\t\t\t\t<p>Merkezi KALLONI LESVOS&#039;ta bulunan yerel bir kiralama \u015firketiyiz. ELPINIKI&#039;nin her yerinde kiralama hizmeti veriyoruz. PLOMARI AGIOS ISIDOROS M\u0130T\u0130L\u0130N\u0130 HAVAALANI M\u0130T\u0130L\u0130N\u0130 L\u0130MANI MOLYBOS PETRA ANAXOS EFTALOU ERESSOS SIGRI VATERA SKALA KALLONIS ve T\u00dcM M\u0130T\u0130LL\u0130 ADASI&#039;nda kiralama hizmeti sunuyoruz.<\/p>\t\t\t\t\t\t\t\t<\/div>\n\t\t\t\t<\/div>\n\t\t\t\t<\/div>\n\t\t\t\t\t<\/div>\n\t\t\t\t<\/div>\n\t\t<div class=\"elementor-element elementor-element-0abafae e-flex e-con-boxed e-con e-parent\" data-id=\"0abafae\" data-element_type=\"container\">\n\t\t\t\t\t<div class=\"e-con-inner\">\n\t\t\t\t<div class=\"elementor-element elementor-element-fb28c0e elementor-widget elementor-widget-text-editor\" data-id=\"fb28c0e\" data-element_type=\"widget\" data-widget_type=\"text-editor.default\">\n\t\t\t\t<div class=\"elementor-widget-container\">\n\t\t\t\t\t\t\t\t\t<p>Bu hizmetteki deneyimimiz 1986 y\u0131l\u0131ndan beri olup, slogan\u0131m\u0131z m\u00fckemmel ve h\u0131zl\u0131 hizmet vermektir.<br \/>\u0130htiya\u00e7lar\u0131n\u0131z\u0131 kar\u015f\u0131layabilecek \u00e7e\u015fitlilikte ara\u00e7lar\u0131m\u0131z mevcuttur.<br \/>E-rentacar.gr web sayfam\u0131zda hizmetlerimizi ve \u00fcr\u00fcnlerimizi inceleyebilirsiniz.<br \/>Rezervasyonunuzu \u00e7evrimi\u00e7i olarak da yapabilirsiniz. \u0130yi e\u011fitimli personelimiz var ve size m\u00fc\u015fteri memnuniyeti sa\u011flamak i\u00e7in her zaman oradalar.<br \/>ELPINIKI ara\u00e7 kiralama, temel ara\u00e7 kiralama hizmetinin yan\u0131 s\u0131ra sigorta, k\u00fcresel konumland\u0131rma sistemi (GPS), navigasyon sistemleri, e\u011flence sistemleri, cep telefonlar\u0131, ta\u015f\u0131nabilir WiFi ve \u00e7ocuk g\u00fcvenlik koltuklar\u0131 gibi ekstra \u00fcr\u00fcnler de sunuyor.<br \/>ELPINIKI ARA\u00c7 K\u0130RALAMA, seyahat standartlar\u0131n\u0131za uygun, iyi bak\u0131ml\u0131, servisi yap\u0131lm\u0131\u015f ve konforlu bir ara\u00e7la istedi\u011finiz yere, istedi\u011finiz zaman gitme \u00f6zg\u00fcrl\u00fc\u011f\u00fcn\u00fc size sunar.<br \/>FAYDA<br \/>ELPINIKI CAR HIRE kullanman\u0131n avantaj\u0131, gizli maliyetler, rezervasyon \u00fccretleri ve en az bekledi\u011finiz anda fiyata eklenen beklenmedik ekstralar olmamas\u0131d\u0131r. G\u00fcnl\u00fck olarak bir araba se\u00e7tiyseniz, s\u0131n\u0131rs\u0131z kilometre ile gelmeli ve yak\u0131t i\u00e7in \u00f6deme yapmal\u0131s\u0131n\u0131z.<br \/>\u00dcst\u00fcne kilometre \u00fccreti alan \u015firketlere dikkat edin, bu durum fiyat\u0131n beklenenden \u00e7ok daha fazla artmas\u0131na neden olabilir. ELPINIKI ara\u00e7 kiralamay\u0131 se\u00e7menin avantaj\u0131, t\u00fcm \u00f6demenizi \u00f6nceden \u00e7evrimi\u00e7i olarak yapabilmeniz veya bir depozito \u00f6deyip ard\u0131ndan var\u0131\u015fta t\u00fcm bakiyeyi \u00f6deyebilmenizdir; bu, arac\u0131n rezervasyon yapt\u0131\u011f\u0131n\u0131z ara\u00e7 oldu\u011fundan emin oldu\u011funuzda her zaman bir avantajd\u0131r. ELPINIKI RENTALS arac\u0131l\u0131\u011f\u0131yla her \u015feyi kiralayabilirsiniz - enduro, \u00e7ift spor veya macera motosikleti, \u015fehir, sokak veya spor motosikleti, yol, cruiser veya tur motosikleti. Her \u015feye sahibiz - LESVOS&#039;taki ELPINIKI motosiklet kiralama filomuz, d\u00fc\u015f\u00fck kiralama oranlar\u0131nda sunulan makul fiyatl\u0131 motosikletlerden olu\u015fmaktad\u0131r. Ayr\u0131ca, motosiklet maceran\u0131z\u0131 g\u00fcvenli ve keyifli hale getirmek i\u00e7in her t\u00fcrl\u00fc profesyonel motosiklet ekipman\u0131, aksesuar\u0131 ve ekipman kiralama hizmeti sunuyoruz.<br \/>LESVOS&#039;TA ELPINIKI SCOOTER K\u0130RALAMA &amp; MOPED K\u0130RALAMA<br \/>* \u00dccretsiz teslimat<br \/>* S\u0131n\u0131rs\u0131z kilometre<br \/>* 7\/24 YOL YARDIMI<br \/>* LESVOS&#039;TA EN \u0130Y\u0130 F\u0130YATLAR<br \/>* ARACI \u00dcCRET\u0130 YOK<br \/>* LESVOS&#039;UN G\u00dcZELL\u0130KLER\u0130N\u0130 KE\u015eFETMEN\u0130N EN \u0130Y\u0130 YOLU<br \/>* SKALA KALLONIS&#039;TE KU\u015e G\u00d6ZLEMC\u0130S\u0130 OLMANIN EN \u0130Y\u0130 YOLU<br \/>ELPINIKI RENT A CAR LESVOS. \u00d6ZEL TEKL\u0130FLER SIFIR ARA\u00c7LAR. LESVOS ARA\u00c7 K\u0130RALAMA ELPINIKI \u00c7EVR\u0130M\u0130\u00c7\u0130 REZERVASYON YAPIN VE ZAMAN VE PARADAN TASARRUF ED\u0130N.<\/p><p>Lesvos konsiyerj hizmetleri\u00a0<\/p>\t\t\t\t\t\t\t\t<\/div>\n\t\t\t\t<\/div>\n\t\t\t\t\t<\/div>\n\t\t\t\t<\/div>\n\t\t\t\t<\/div>","protected":false},"excerpt":{"rendered":"<p>OUR STAFF About us We are a local rental company with its head office in KALLONI LESVOS. rentals all over .ELPINIKI RENT A CAR OR A MOTORBIKE DELIVER RENTALS AT PLOMARI AGIOS ISIDOROS MITILINI AIRPORT MITILINI PORT MOLYBOS PETRA ANAXOS EFTALOU ERESSOS SIGRI VATERA SKALA KALLONIS AND ALL OVER THE ISLAND OF LESVOS. Our experience [&hellip;]<\/p>","protected":false},"author":1,"featured_media":0,"parent":0,"menu_order":0,"comment_status":"closed","ping_status":"closed","template":"","meta":{"site-sidebar-layout":"no-sidebar","site-content-layout":"page-builder","ast-site-content-layout":"full-width-container","site-content-style":"unboxed","site-sidebar-style":"unboxed","ast-global-header-display":"","ast-banner-title-visibility":"","ast-main-header-display":"","ast-hfb-above-header-display":"","ast-hfb-below-header-display":"","ast-hfb-mobile-header-display":"","site-post-title":"disabled","ast-breadcrumbs-content":"","ast-featured-img":"disabled","footer-sml-layout":"","ast-disable-related-posts":"","theme-transparent-header-meta":"enabled","adv-header-id-meta":"","stick-header-meta":"","header-above-stick-meta":"","header-main-stick-meta":"","header-below-stick-meta":"","astra-migrate-meta-layouts":"set","ast-page-background-enabled":"default","ast-page-background-meta":{"desktop":{"background-color":"","background-image":"","background-repeat":"repeat","background-position":"center center","background-size":"auto","background-attachment":"scroll","background-type":"","background-media":"","overlay-type":"","overlay-color":"","overlay-opacity":"","overlay-gradient":""},"tablet":{"background-color":"","background-image":"","background-repeat":"repeat","background-position":"center center","background-size":"auto","background-attachment":"scroll","background-type":"","background-media":"","overlay-type":"","overlay-color":"","overlay-opacity":"","overlay-gradient":""},"mobile":{"background-color":"","background-image":"","background-repeat":"repeat","background-position":"center center","background-size":"auto","background-attachment":"scroll","background-type":"","background-media":"","overlay-type":"","overlay-color":"","overlay-opacity":"","overlay-gradient":""}},"ast-content-background-meta":{"desktop":{"background-color":"var(--ast-global-color-5)","background-image":"","background-repeat":"repeat","background-position":"center center","background-size":"auto","background-attachment":"scroll","background-type":"","background-media":"","overlay-type":"","overlay-color":"","overlay-opacity":"","overlay-gradient":""},"tablet":{"background-color":"var(--ast-global-color-5)","background-image":"","background-repeat":"repeat","background-position":"center center","background-size":"auto","background-attachment":"scroll","background-type":"","background-media":"","overlay-type":"","overlay-color":"","overlay-opacity":"","overlay-gradient":""},"mobile":{"background-color":"var(--ast-global-color-5)","background-image":"","background-repeat":"repeat","background-position":"center center","background-size":"auto","background-attachment":"scroll","background-type":"","background-media":"","overlay-type":"","overlay-color":"","overlay-opacity":"","overlay-gradient":""}},"footnotes":""},"class_list":["post-230","page","type-page","status-publish","hentry"],"_links":{"self":[{"href":"https:\/\/myrentacar.gr\/tr\/wp-json\/wp\/v2\/pages\/230","targetHints":{"allow":["GET"]}}],"collection":[{"href":"https:\/\/myrentacar.gr\/tr\/wp-json\/wp\/v2\/pages"}],"about":[{"href":"https:\/\/myrentacar.gr\/tr\/wp-json\/wp\/v2\/types\/page"}],"author":[{"embeddable":true,"href":"https:\/\/myrentacar.gr\/tr\/wp-json\/wp\/v2\/users\/1"}],"replies":[{"embeddable":true,"href":"https:\/\/myrentacar.gr\/tr\/wp-json\/wp\/v2\/comments?post=230"}],"version-history":[{"count":10,"href":"https:\/\/myrentacar.gr\/tr\/wp-json\/wp\/v2\/pages\/230\/revisions"}],"predecessor-version":[{"id":18289,"href":"https:\/\/myrentacar.gr\/tr\/wp-json\/wp\/v2\/pages\/230\/revisions\/18289"}],"wp:attachment":[{"href":"https:\/\/myrentacar.gr\/tr\/wp-json\/wp\/v2\/media?parent=230"}],"curies":[{"name":"wp","href":"https:\/\/api.w.org\/{rel}","templated":true}]}}